{"id":7427,"date":"2022-03-25T13:15:42","date_gmt":"2022-03-25T12:15:42","guid":{"rendered":"https:\/\/wobblyride.com\/?page_id=7427"},"modified":"2025-06-09T13:37:56","modified_gmt":"2025-06-09T11:37:56","slug":"contact-me","status":"publish","type":"page","link":"https:\/\/wobblyride.com\/pl\/contact-me\/","title":{"rendered":"Napisz do mnie"},"content":{"rendered":"\n<p class=\"\">Are you a fellow bicycle traveller who wants to catch up or ask for advice? Or maybe a company, tourist board, or media organisation that wants to collaborate? I am looking forward to hearing from you! <\/p>\n\n\n<div class=\"wpforms-container wpforms-container-full wpforms-block wpforms-block-1bc2a0a5-045c-46a2-b0b8-1b41c997b1d8 wpforms-render-modern\" id=\"wpforms-18270\"><form id=\"wpforms-form-18270\" class=\"wpforms-validate wpforms-form wpforms-ajax-form\" data-formid=\"18270\" method=\"post\" enctype=\"multipart\/form-data\" action=\"\/pl\/wp-json\/wp\/v2\/pages\/7427\" data-token=\"9df4fab21412aad1890821892cde7fb4\" data-token-time=\"1776960750\"><noscript class=\"wpforms-error-noscript\">Aby wype\u0142ni\u0107 ten formularz, w\u0142\u0105cz obs\u0142ug\u0119 JavaScript w przegl\u0105darce.<\/noscript><div id=\"wpforms-error-noscript\" style=\"display: none;\">Aby wype\u0142ni\u0107 ten formularz, w\u0142\u0105cz obs\u0142ug\u0119 JavaScript w przegl\u0105darce.<\/div><div class=\"wpforms-field-container\"><div id=\"wpforms-18270-field_1-container\" class=\"wpforms-field wpforms-field-name\" data-field-id=\"1\"><label class=\"wpforms-field-label\" for=\"wpforms-18270-field_1\">Name <span class=\"wpforms-required-label\" aria-hidden=\"true\">*<\/span><\/label><input type=\"text\" id=\"wpforms-18270-field_1\" class=\"wpforms-field-medium wpforms-field-required\" name=\"wpforms[fields][1]\" aria-errormessage=\"wpforms-18270-field_1-error\" required><\/div><div id=\"wpforms-18270-field_2-container\" class=\"wpforms-field wpforms-field-email\" data-field-id=\"2\"><label class=\"wpforms-field-label\" for=\"wpforms-18270-field_2\">Email <span class=\"wpforms-required-label\" aria-hidden=\"true\">*<\/span><\/label><input type=\"email\" id=\"wpforms-18270-field_2\" class=\"wpforms-field-medium wpforms-field-required\" name=\"wpforms[fields][2]\" spellcheck=\"false\" aria-errormessage=\"wpforms-18270-field_2-error\" required><\/div>\t\t<div id=\"wpforms-18270-field_4-container\"\n\t\t\tclass=\"wpforms-field wpforms-field-text\"\n\t\t\tdata-field-type=\"text\"\n\t\t\tdata-field-id=\"4\"\n\t\t\t>\n\t\t\t<label class=\"wpforms-field-label\" for=\"wpforms-18270-field_4\" >Name Email Message<\/label>\n\t\t\t<input type=\"text\" id=\"wpforms-18270-field_4\" class=\"wpforms-field-medium\" name=\"wpforms[fields][4]\" >\n\t\t<\/div>\n\t\t<div id=\"wpforms-18270-field_3-container\" class=\"wpforms-field wpforms-field-textarea\" data-field-id=\"3\"><label class=\"wpforms-field-label\" for=\"wpforms-18270-field_3\">Message <span class=\"wpforms-required-label\" aria-hidden=\"true\">*<\/span><\/label><textarea id=\"wpforms-18270-field_3\" class=\"wpforms-field-medium wpforms-field-required\" name=\"wpforms[fields][3]\" aria-errormessage=\"wpforms-18270-field_3-error\" required><\/textarea><\/div><script>\n\t\t\t\t( function() {\n\t\t\t\t\tconst style = document.createElement( 'style' );\n\t\t\t\t\tstyle.appendChild( document.createTextNode( '#wpforms-18270-field_4-container { position: absolute !important; overflow: hidden !important; display: inline !important; height: 1px !important; width: 1px !important; z-index: -1000 !important; padding: 0 !important; } #wpforms-18270-field_4-container input { visibility: hidden; } #wpforms-conversational-form-page #wpforms-18270-field_4-container label { counter-increment: none; }' ) );\n\t\t\t\t\tdocument.head.appendChild( style );\n\t\t\t\t\tdocument.currentScript?.remove();\n\t\t\t\t} )();\n\t\t\t<\/script><\/div><!-- .wpforms-field-container --><div class=\"wpforms-submit-container\" ><input type=\"hidden\" name=\"wpforms[id]\" value=\"18270\"><input type=\"hidden\" name=\"page_title\" value=\"\"><input type=\"hidden\" name=\"page_url\" value=\"https:\/\/wobblyride.com\/pl\/wp-json\/wp\/v2\/pages\/7427\"><input type=\"hidden\" name=\"url_referer\" value=\"\"><button type=\"submit\" name=\"wpforms[submit]\" id=\"wpforms-submit-18270\" class=\"wpforms-submit\" data-alt-text=\"Sending...\" data-submit-text=\"Submit\" aria-live=\"assertive\" value=\"wpforms-submit\">Submit<\/button><img decoding=\"async\" loading=\"lazy\" src=\"https:\/\/wobblyride.com\/wp-content\/plugins\/wpforms-lite\/assets\/images\/submit-spin.svg\" class=\"wpforms-submit-spinner\" style=\"display: none;\" width=\"26\" height=\"26\" alt=\"Wczytywanie\"><\/div><\/form><\/div>  <!-- .wpforms-container -->","protected":false},"excerpt":{"rendered":"<p>Are you a fellow bicycle traveller who wants to catch up or ask for advice? Or maybe a company, tourist board, or media organisation that wants to collaborate? I am looking forward to hearing from you!<\/p>","protected":false},"author":1,"featured_media":7065,"parent":0,"menu_order":0,"comment_status":"closed","ping_status":"closed","template":"","meta":{"nf_dc_page":"","_uag_custom_page_level_css":"","site-sidebar-layout":"default","site-content-layout":"","ast-site-content-layout":"default","site-content-style":"default","site-sidebar-style":"default","ast-global-header-display":"","ast-banner-title-visibility":"","ast-main-header-display":"","ast-hfb-above-header-display":"","ast-hfb-below-header-display":"","ast-hfb-mobile-header-display":"","site-post-title":"","ast-breadcrumbs-content":"","ast-featured-img":"","footer-sml-layout":"","ast-disable-related-posts":"","theme-transparent-header-meta":"","adv-header-id-meta":"","stick-header-meta":"","header-above-stick-meta":"","header-main-stick-meta":"","header-below-stick-meta":"","astra-migrate-meta-layouts":"set","ast-page-background-enabled":"default","ast-page-background-meta":{"desktop":{"background-color":"var(--ast-global-color-4)","background-image":"","background-repeat":"repeat","background-position":"center center","background-size":"auto","background-attachment":"scroll","background-type":"","background-media":"","overlay-type":"","overlay-color":"","overlay-opacity":"","overlay-gradient":""},"tablet":{"background-color":"","background-image":"","background-repeat":"repeat","background-position":"center center","background-size":"auto","background-attachment":"scroll","background-type":"","background-media":"","overlay-type":"","overlay-color":"","overlay-opacity":"","overlay-gradient":""},"mobile":{"background-color":"","background-image":"","background-repeat":"repeat","background-position":"center center","background-size":"auto","background-attachment":"scroll","background-type":"","background-media":"","overlay-type":"","overlay-color":"","overlay-opacity":"","overlay-gradient":""}},"ast-content-background-meta":{"desktop":{"background-color":"var(--ast-global-color-5)","background-image":"","background-repeat":"repeat","background-position":"center center","background-size":"auto","background-attachment":"scroll","background-type":"","background-media":"","overlay-type":"","overlay-color":"","overlay-opacity":"","overlay-gradient":""},"tablet":{"background-color":"var(--ast-global-color-5)","background-image":"","background-repeat":"repeat","background-position":"center center","background-size":"auto","background-attachment":"scroll","background-type":"","background-media":"","overlay-type":"","overlay-color":"","overlay-opacity":"","overlay-gradient":""},"mobile":{"background-color":"var(--ast-global-color-5)","background-image":"","background-repeat":"repeat","background-position":"center center","background-size":"auto","background-attachment":"scroll","background-type":"","background-media":"","overlay-type":"","overlay-color":"","overlay-opacity":"","overlay-gradient":""}},"footnotes":""},"class_list":["post-7427","page","type-page","status-publish","has-post-thumbnail","hentry"],"yoast_head":"<!-- This site is optimized with the Yoast SEO plugin v27.4 - https:\/\/yoast.com\/product\/yoast-seo-wordpress\/ -->\n<title>Contact me - Wobbly Ride<\/title>\n<meta name=\"robots\" content=\"index, follow, max-snippet:-1, max-image-preview:large, max-video-preview:-1\" \/>\n<link rel=\"canonical\" href=\"https:\/\/wobblyride.com\/pl\/contact-me\/\" \/>\n<meta property=\"og:locale\" content=\"pl_PL\" \/>\n<meta property=\"og:type\" content=\"article\" \/>\n<meta property=\"og:title\" content=\"Contact me - Wobbly Ride\" \/>\n<meta property=\"og:description\" content=\"Are you a fellow bicycle traveller who wants to catch up or ask for advice? Or maybe a company, tourist board, or media organisation that wants to collaborate? I am looking forward to hearing from you!\" \/>\n<meta property=\"og:url\" content=\"https:\/\/wobblyride.com\/pl\/contact-me\/\" \/>\n<meta property=\"og:site_name\" content=\"Wobbly Ride\" \/>\n<meta property=\"article:modified_time\" content=\"2025-06-09T11:37:56+00:00\" \/>\n<meta property=\"og:image\" content=\"https:\/\/wobblyride.com\/wp-content\/uploads\/2022\/03\/DSC05373-3-scaled.jpg\" \/>\n\t<meta property=\"og:image:width\" content=\"2560\" \/>\n\t<meta property=\"og:image:height\" content=\"1707\" \/>\n\t<meta property=\"og:image:type\" content=\"image\/jpeg\" \/>\n<meta name=\"twitter:card\" content=\"summary_large_image\" \/>\n<script type=\"application\/ld+json\" class=\"yoast-schema-graph\">{\"@context\":\"https:\\\/\\\/schema.org\",\"@graph\":[{\"@type\":\"WebPage\",\"@id\":\"https:\\\/\\\/wobblyride.com\\\/contact-me\\\/\",\"url\":\"https:\\\/\\\/wobblyride.com\\\/contact-me\\\/\",\"name\":\"Contact me - Wobbly Ride\",\"isPartOf\":{\"@id\":\"https:\\\/\\\/wobblyride.com\\\/#website\"},\"primaryImageOfPage\":{\"@id\":\"https:\\\/\\\/wobblyride.com\\\/contact-me\\\/#primaryimage\"},\"image\":{\"@id\":\"https:\\\/\\\/wobblyride.com\\\/contact-me\\\/#primaryimage\"},\"thumbnailUrl\":\"https:\\\/\\\/wobblyride.com\\\/wp-content\\\/uploads\\\/2022\\\/03\\\/DSC05373-3-scaled.jpg\",\"datePublished\":\"2022-03-25T12:15:42+00:00\",\"dateModified\":\"2025-06-09T11:37:56+00:00\",\"breadcrumb\":{\"@id\":\"https:\\\/\\\/wobblyride.com\\\/contact-me\\\/#breadcrumb\"},\"inLanguage\":\"pl-PL\",\"potentialAction\":[{\"@type\":\"ReadAction\",\"target\":[\"https:\\\/\\\/wobblyride.com\\\/contact-me\\\/\"]}]},{\"@type\":\"ImageObject\",\"inLanguage\":\"pl-PL\",\"@id\":\"https:\\\/\\\/wobblyride.com\\\/contact-me\\\/#primaryimage\",\"url\":\"https:\\\/\\\/wobblyride.com\\\/wp-content\\\/uploads\\\/2022\\\/03\\\/DSC05373-3-scaled.jpg\",\"contentUrl\":\"https:\\\/\\\/wobblyride.com\\\/wp-content\\\/uploads\\\/2022\\\/03\\\/DSC05373-3-scaled.jpg\",\"width\":2560,\"height\":1707,\"caption\":\"cycling in kyrgyzstan\"},{\"@type\":\"BreadcrumbList\",\"@id\":\"https:\\\/\\\/wobblyride.com\\\/contact-me\\\/#breadcrumb\",\"itemListElement\":[{\"@type\":\"ListItem\",\"position\":1,\"name\":\"Home\",\"item\":\"https:\\\/\\\/wobblyride.com\\\/\"},{\"@type\":\"ListItem\",\"position\":2,\"name\":\"Contact me\"}]},{\"@type\":\"WebSite\",\"@id\":\"https:\\\/\\\/wobblyride.com\\\/#website\",\"url\":\"https:\\\/\\\/wobblyride.com\\\/\",\"name\":\"Wobbly Ride\",\"description\":\"Bicycle touring. Outdoor adventures. Solo female travel.\",\"publisher\":{\"@id\":\"https:\\\/\\\/wobblyride.com\\\/#\\\/schema\\\/person\\\/82abaa263f5532e2b83b361304793e90\"},\"potentialAction\":[{\"@type\":\"SearchAction\",\"target\":{\"@type\":\"EntryPoint\",\"urlTemplate\":\"https:\\\/\\\/wobblyride.com\\\/?s={search_term_string}\"},\"query-input\":{\"@type\":\"PropertyValueSpecification\",\"valueRequired\":true,\"valueName\":\"search_term_string\"}}],\"inLanguage\":\"pl-PL\"},{\"@type\":[\"Person\",\"Organization\"],\"@id\":\"https:\\\/\\\/wobblyride.com\\\/#\\\/schema\\\/person\\\/82abaa263f5532e2b83b361304793e90\",\"name\":\"chmaraa\",\"image\":{\"@type\":\"ImageObject\",\"inLanguage\":\"pl-PL\",\"@id\":\"https:\\\/\\\/wobblyride.com\\\/wp-content\\\/uploads\\\/2022\\\/02\\\/1_dsc05222-e1678819977912.jpg\",\"url\":\"https:\\\/\\\/wobblyride.com\\\/wp-content\\\/uploads\\\/2022\\\/02\\\/1_dsc05222-e1678819977912.jpg\",\"contentUrl\":\"https:\\\/\\\/wobblyride.com\\\/wp-content\\\/uploads\\\/2022\\\/02\\\/1_dsc05222-e1678819977912.jpg\",\"width\":449,\"height\":299,\"caption\":\"chmaraa\"},\"logo\":{\"@id\":\"https:\\\/\\\/wobblyride.com\\\/wp-content\\\/uploads\\\/2022\\\/02\\\/1_dsc05222-e1678819977912.jpg\"}}]}<\/script>\n<!-- \/ Yoast SEO plugin. -->","yoast_head_json":{"title":"Contact me - Wobbly Ride","robots":{"index":"index","follow":"follow","max-snippet":"max-snippet:-1","max-image-preview":"max-image-preview:large","max-video-preview":"max-video-preview:-1"},"canonical":"https:\/\/wobblyride.com\/pl\/contact-me\/","og_locale":"pl_PL","og_type":"article","og_title":"Contact me - Wobbly Ride","og_description":"Are you a fellow bicycle traveller who wants to catch up or ask for advice? Or maybe a company, tourist board, or media organisation that wants to collaborate? I am looking forward to hearing from you!","og_url":"https:\/\/wobblyride.com\/pl\/contact-me\/","og_site_name":"Wobbly Ride","article_modified_time":"2025-06-09T11:37:56+00:00","og_image":[{"width":2560,"height":1707,"url":"https:\/\/wobblyride.com\/wp-content\/uploads\/2022\/03\/DSC05373-3-scaled.jpg","type":"image\/jpeg"}],"twitter_card":"summary_large_image","schema":{"@context":"https:\/\/schema.org","@graph":[{"@type":"WebPage","@id":"https:\/\/wobblyride.com\/contact-me\/","url":"https:\/\/wobblyride.com\/contact-me\/","name":"Contact me - Wobbly Ride","isPartOf":{"@id":"https:\/\/wobblyride.com\/#website"},"primaryImageOfPage":{"@id":"https:\/\/wobblyride.com\/contact-me\/#primaryimage"},"image":{"@id":"https:\/\/wobblyride.com\/contact-me\/#primaryimage"},"thumbnailUrl":"https:\/\/wobblyride.com\/wp-content\/uploads\/2022\/03\/DSC05373-3-scaled.jpg","datePublished":"2022-03-25T12:15:42+00:00","dateModified":"2025-06-09T11:37:56+00:00","breadcrumb":{"@id":"https:\/\/wobblyride.com\/contact-me\/#breadcrumb"},"inLanguage":"pl-PL","potentialAction":[{"@type":"ReadAction","target":["https:\/\/wobblyride.com\/contact-me\/"]}]},{"@type":"ImageObject","inLanguage":"pl-PL","@id":"https:\/\/wobblyride.com\/contact-me\/#primaryimage","url":"https:\/\/wobblyride.com\/wp-content\/uploads\/2022\/03\/DSC05373-3-scaled.jpg","contentUrl":"https:\/\/wobblyride.com\/wp-content\/uploads\/2022\/03\/DSC05373-3-scaled.jpg","width":2560,"height":1707,"caption":"cycling in kyrgyzstan"},{"@type":"BreadcrumbList","@id":"https:\/\/wobblyride.com\/contact-me\/#breadcrumb","itemListElement":[{"@type":"ListItem","position":1,"name":"Home","item":"https:\/\/wobblyride.com\/"},{"@type":"ListItem","position":2,"name":"Contact me"}]},{"@type":"WebSite","@id":"https:\/\/wobblyride.com\/#website","url":"https:\/\/wobblyride.com\/","name":"Wobbly Ride","description":"Podr\u00f3\u017ce rowerowe. Solowe przygody. Kobiece wyjazdy.","publisher":{"@id":"https:\/\/wobblyride.com\/#\/schema\/person\/82abaa263f5532e2b83b361304793e90"},"potentialAction":[{"@type":"SearchAction","target":{"@type":"EntryPoint","urlTemplate":"https:\/\/wobblyride.com\/?s={search_term_string}"},"query-input":{"@type":"PropertyValueSpecification","valueRequired":true,"valueName":"search_term_string"}}],"inLanguage":"pl-PL"},{"@type":["Person","Organization"],"@id":"https:\/\/wobblyride.com\/#\/schema\/person\/82abaa263f5532e2b83b361304793e90","name":"chmaraa","image":{"@type":"ImageObject","inLanguage":"pl-PL","@id":"https:\/\/wobblyride.com\/wp-content\/uploads\/2022\/02\/1_dsc05222-e1678819977912.jpg","url":"https:\/\/wobblyride.com\/wp-content\/uploads\/2022\/02\/1_dsc05222-e1678819977912.jpg","contentUrl":"https:\/\/wobblyride.com\/wp-content\/uploads\/2022\/02\/1_dsc05222-e1678819977912.jpg","width":449,"height":299,"caption":"chmaraa"},"logo":{"@id":"https:\/\/wobblyride.com\/wp-content\/uploads\/2022\/02\/1_dsc05222-e1678819977912.jpg"}}]}},"uagb_featured_image_src":{"full":["https:\/\/wobblyride.com\/wp-content\/uploads\/2022\/03\/DSC05373-3-scaled.jpg",2560,1707,false],"thumbnail":["https:\/\/wobblyride.com\/wp-content\/uploads\/2022\/03\/DSC05373-3-150x150.jpg",150,150,true],"medium":["https:\/\/wobblyride.com\/wp-content\/uploads\/2022\/03\/DSC05373-3-300x200.jpg",300,200,true],"medium_large":["https:\/\/wobblyride.com\/wp-content\/uploads\/2022\/03\/DSC05373-3-768x512.jpg",768,512,true],"large":["https:\/\/wobblyride.com\/wp-content\/uploads\/2022\/03\/DSC05373-3-1024x683.jpg",1024,683,true],"1536x1536":["https:\/\/wobblyride.com\/wp-content\/uploads\/2022\/03\/DSC05373-3-1536x1024.jpg",1536,1024,true],"2048x2048":["https:\/\/wobblyride.com\/wp-content\/uploads\/2022\/03\/DSC05373-3-scaled.jpg",2048,1366,false],"trp-custom-language-flag":["https:\/\/wobblyride.com\/wp-content\/uploads\/2022\/03\/DSC05373-3-scaled.jpg",18,12,false]},"uagb_author_info":{"display_name":"admin","author_link":"https:\/\/wobblyride.com\/pl\/author\/admin\/"},"uagb_comment_info":0,"uagb_excerpt":"Are you a fellow bicycle traveller who wants to catch up or ask for advice? Or maybe a company, tourist board, or media organisation that wants to collaborate? I am looking forward to hearing from you!","_links":{"self":[{"href":"https:\/\/wobblyride.com\/pl\/wp-json\/wp\/v2\/pages\/7427","targetHints":{"allow":["GET"]}}],"collection":[{"href":"https:\/\/wobblyride.com\/pl\/wp-json\/wp\/v2\/pages"}],"about":[{"href":"https:\/\/wobblyride.com\/pl\/wp-json\/wp\/v2\/types\/page"}],"author":[{"embeddable":true,"href":"https:\/\/wobblyride.com\/pl\/wp-json\/wp\/v2\/users\/1"}],"replies":[{"embeddable":true,"href":"https:\/\/wobblyride.com\/pl\/wp-json\/wp\/v2\/comments?post=7427"}],"version-history":[{"count":0,"href":"https:\/\/wobblyride.com\/pl\/wp-json\/wp\/v2\/pages\/7427\/revisions"}],"wp:featuredmedia":[{"embeddable":true,"href":"https:\/\/wobblyride.com\/pl\/wp-json\/wp\/v2\/media\/7065"}],"wp:attachment":[{"href":"https:\/\/wobblyride.com\/pl\/wp-json\/wp\/v2\/media?parent=7427"}],"curies":[{"name":"wp","href":"https:\/\/api.w.org\/{rel}","templated":true}]}}