{"id":4852,"date":"2021-10-26T14:21:20","date_gmt":"2021-10-26T12:21:20","guid":{"rendered":"https:\/\/runbikeeat.blog\/?page_id=4852"},"modified":"2026-02-17T13:38:55","modified_gmt":"2026-02-17T12:38:55","slug":"about-me","status":"publish","type":"page","link":"https:\/\/wobblyride.com\/pl\/about-me\/","title":{"rendered":"O mnie"},"content":{"rendered":"\n<h1 class=\"wp-block-heading\">About me<\/h1>\n\n\n\n<pre class=\"wp-block-verse\">\"I have never tried that before, so I think I should definitely be able to do that\"<br>Astrid Lindgren, Pippi Longstockings<br><br><\/pre>\n\n\n\n<p class=\"\">In July 2018, with tears in my eyes, I was packing for my first solo cycling trip. One fundamental question buzzed in my head: Why the hell did I quit my job without a plan?<\/p>\n\n\n\n<p class=\"\">That&#8217;s when I learned about the existence of a mysterious unit of measurement: the threshold mile.<\/p>\n\n\n\n<p class=\"\">It is longer than the nautical mile, the Norwegian mile, or the Chinese mile. Crossing the threshold of my home was the most challenging part of the journey.<\/p>\n\n\n\n<p class=\"\">Since then, paradoxically, I feel most at home when I admire a completely unknown road from the saddle. With no one beside me and all my belongings in two panniers and a handlebar bag. Bicycle touring became my favourite way of travelling.<\/p>\n\n\n\n<p class=\"\">With my bike, I have visited Kyrgyzstan, Norway, Ukraine, <a href=\"https:\/\/wobblyride.com\/category\/english\/bosnia-herzegovina\/\">Bosnia and Herzegovina,<\/a> <a href=\"https:\/\/wobblyride.com\/category\/english\/north-macedonia\/\">North Macedonia<\/a>, <a href=\"https:\/\/wobblyride.com\/category\/english\/switzerland\/\">Switzerland<\/a>, Albania, Slovenia, Italy, Croatia, Hungary, <a href=\"https:\/\/wobblyride.com\/category\/english\/belgium\/\">Belgium<\/a>, the Netherlands and a few more countries.<\/p>\n\n\n\n<p class=\"\">Sometimes, instead of cycling, I hike. Despite my fear of heights, I love being in the mountains. In winter, I love to go cross-country skiing.<\/p>\n\n\n\n<p class=\"\">Travelling is my training in attentiveness, courage, curiosity and openness. In a collision with the Other, I attempt to unlearn what I thought I knew. I try to get to see the world without prejudice. Visiting a new place, I love discovering step by step how it functions. No geography or history lesson, book or film, has taught me as much about the world as random encounters on the road.<\/p>\n\n\n\n<p class=\"\">On the blog, I share my travel stories, insights and advice on solo travel, bicycle touring and other travel-related topics.<\/p>\n\n\n\n<h2 class=\"wp-block-heading\">As seen in&#8230;<\/h2>\n\n\n\n<h3 class=\"wp-block-heading\">BBC Travel<\/h3>\n\n\n\n<p class=\"\">I wrote about the <a href=\"https:\/\/www.bbc.com\/travel\/article\/20241122-the-trans-dinarica-a-new-5500km-trail-connecting-one-of-europes-most-remote-regions\">Trans Dinarica trail for BBC Travel<\/a>.  <\/p>\n\n\n\n<figure class=\"wp-block-image aligncenter size-full is-resized\"><a href=\"https:\/\/www.bbc.com\/travel\/article\/20241122-the-trans-dinarica-a-new-5500km-trail-connecting-one-of-europes-most-remote-regions\"><img decoding=\"async\" width=\"835\" height=\"809\" loading=\"lazy\" src=\"https:\/\/wobblyride.com\/wp-content\/uploads\/2024\/11\/image.png\" alt=\"\" class=\"wp-image-17723\" style=\"width:575px;height:auto\" srcset=\"https:\/\/wobblyride.com\/wp-content\/uploads\/2024\/11\/image.png 835w, https:\/\/wobblyride.com\/wp-content\/uploads\/2024\/11\/image-300x291.png 300w, https:\/\/wobblyride.com\/wp-content\/uploads\/2024\/11\/image-768x744.png 768w, https:\/\/wobblyride.com\/wp-content\/uploads\/2024\/11\/image-12x12.png 12w\" sizes=\"auto, (max-width: 835px) 100vw, 835px\" \/><\/a><\/figure>\n\n\n\n<div class=\"wp-block-buttons is-layout-flex wp-block-buttons-is-layout-flex\">\n<div class=\"wp-block-button\"><a class=\"wp-block-button__link wp-element-button\" href=\"https:\/\/www.bbc.com\/travel\/article\/20241122-the-trans-dinarica-a-new-5500km-trail-connecting-one-of-europes-most-remote-regions\">Read here<\/a><\/div>\n<\/div>\n\n\n\n<h3 class=\"wp-block-heading\">Cycling Europe Podcast<\/h3>\n\n\n\n<p class=\"\">I talked about my cycling journeys at the <a href=\"https:\/\/cyclingeurope.org\/2024\/08\/01\/the-cycling-europe-podcast-episode-082-eastern-europe-and-the-balkans-with-joanna-chmara\/\">Cycling Europe Podcast<\/a>.<\/p>\n\n\n\n<figure class=\"wp-embed-aspect-16-9 wp-has-aspect-ratio wp-block-embed aligncenter is-type-video is-provider-youtube wp-block-embed-youtube\"><div class=\"wp-block-embed__wrapper\">\n<iframe title=\"The Cycling Europe Podcast: Episode 082 - Eastern Europe &amp; The Balkans With Joanna Chmara\" width=\"500\" height=\"281\" src=\"https:\/\/www.youtube.com\/embed\/NmkhuLf25Pc?feature=oembed\" frameborder=\"0\" allow=\"accelerometer; autoplay; clipboard-write; encrypted-media; gyroscope; picture-in-picture; web-share\" referrerpolicy=\"strict-origin-when-cross-origin\" allowfullscreen><\/iframe>\n<\/div><\/figure>\n\n\n\n<div class=\"wp-block-buttons is-layout-flex wp-block-buttons-is-layout-flex\">\n<div class=\"wp-block-button\"><a class=\"wp-block-button__link wp-element-button\" href=\"ttps:\/\/cyclingeurope.org\/2024\/08\/01\/the-cycling-europe-podcast-episode-082-eastern-europe-and-the-balkans-with-joanna-chmara\/\">Listen here<\/a><\/div>\n<\/div>\n\n\n\n<h3 class=\"wp-block-heading\">RMWorld Travel<\/h3>\n\n\n\n<p class=\"\"><a href=\"https:\/\/rmworldtravel.com\/podcasts\/2025-2\/1-february-2025-rmworldtravel\/\">The RM World Travel radio<\/a> interviewed me about cycling the Trans Dinarica. <\/p>\n\n\n\n<div class=\"wp-block-buttons is-layout-flex wp-block-buttons-is-layout-flex\">\n<div class=\"wp-block-button\"><a class=\"wp-block-button__link wp-element-button\" href=\"https:\/\/rmworldtravel.com\/podcasts\/2025-2\/1-february-2025-rmworldtravel\/\">Listen here<\/a><\/div>\n<\/div>\n\n\n\n<h3 class=\"wp-block-heading\">Cycle Touring Festival<\/h3>\n\n\n\n<p class=\"\">I talked about cycle touring in the Balkans at the Cycle Touring Festival in February 2025. You can <a href=\"https:\/\/www.youtube.com\/watch?v=--qN9CKpO6M&amp;t=2s\">watch my talk on YouTube<\/a>. <\/p>\n\n\n\n<figure class=\"wp-embed-aspect-16-9 wp-has-aspect-ratio wp-block-embed aligncenter is-type-video is-provider-youtube wp-block-embed-youtube\"><div class=\"wp-block-embed__wrapper\">\n<iframe title=\"Cycling solo across the Western Balkans with Joanna Chmara\" width=\"500\" height=\"281\" src=\"https:\/\/www.youtube.com\/embed\/--qN9CKpO6M?start=2&#038;feature=oembed\" frameborder=\"0\" allow=\"accelerometer; autoplay; clipboard-write; encrypted-media; gyroscope; picture-in-picture; web-share\" referrerpolicy=\"strict-origin-when-cross-origin\" allowfullscreen><\/iframe>\n<\/div><\/figure>\n\n\n\n<div style=\"height:64px\" aria-hidden=\"true\" class=\"wp-block-spacer\"><\/div>\n\n\n\n<h2 class=\"wp-block-heading\">Travel Magazine PL<\/h2>\n\n\n\n<p class=\"\"><a href=\"https:\/\/www.travelmagazine.pl\/via-dinarica-kosowo\/\">My article about hiking the Via Dinarica Kosovo (in Polish).<\/a><\/p>\n\n\n\n<figure class=\"wp-block-image aligncenter size-large\"><a href=\"https:\/\/www.travelmagazine.pl\/via-dinarica-kosowo\/\"><img decoding=\"async\" width=\"1024\" height=\"469\" loading=\"lazy\" src=\"https:\/\/wobblyride.com\/wp-content\/uploads\/2026\/02\/image-1024x469.webp\" alt=\"\" class=\"wp-image-18592\" srcset=\"https:\/\/wobblyride.com\/wp-content\/uploads\/2026\/02\/image-1024x469.webp 1024w, https:\/\/wobblyride.com\/wp-content\/uploads\/2026\/02\/image-300x137.webp 300w, https:\/\/wobblyride.com\/wp-content\/uploads\/2026\/02\/image-768x351.webp 768w, https:\/\/wobblyride.com\/wp-content\/uploads\/2026\/02\/image-1536x703.webp 1536w, https:\/\/wobblyride.com\/wp-content\/uploads\/2026\/02\/image-18x8.webp 18w, https:\/\/wobblyride.com\/wp-content\/uploads\/2026\/02\/image.webp 1805w\" sizes=\"auto, (max-width: 1024px) 100vw, 1024px\" \/><\/a><\/figure>\n\n\n\n<h3 class=\"wp-block-heading\"><em>Wanna get in touch? Use the <a href=\"https:\/\/wobblyride.com\/contact-me\/\">contact form<\/a> <\/em><\/h3>\n\n\n<style id=\"wpforms-css-vars-18270-block-794f31f7-d68f-40dd-a675-928a4b13fcd1\">\n\t\t\t\t#wpforms-18270.wpforms-block-794f31f7-d68f-40dd-a675-928a4b13fcd1 {\n\t\t\t\t--wpforms-field-size-input-height: 43px;\n--wpforms-field-size-input-spacing: 15px;\n--wpforms-field-size-font-size: 16px;\n--wpforms-field-size-line-height: 19px;\n--wpforms-field-size-padding-h: 14px;\n--wpforms-field-size-checkbox-size: 16px;\n--wpforms-field-size-sublabel-spacing: 5px;\n--wpforms-field-size-icon-size: 1;\n--wpforms-label-size-font-size: 16px;\n--wpforms-label-size-line-height: 19px;\n--wpforms-label-size-sublabel-font-size: 14px;\n--wpforms-label-size-sublabel-line-height: 17px;\n--wpforms-button-size-font-size: 17px;\n--wpforms-button-size-height: 41px;\n--wpforms-button-size-padding-h: 15px;\n--wpforms-button-size-margin-top: 10px;\n\t\t\t}\n\t\t\t<\/style><div class=\"wpforms-container wpforms-container-full wpforms-block wpforms-block-794f31f7-d68f-40dd-a675-928a4b13fcd1 wpforms-render-modern\" id=\"wpforms-18270\"><form id=\"wpforms-form-18270\" class=\"wpforms-validate wpforms-form wpforms-ajax-form\" data-formid=\"18270\" method=\"post\" enctype=\"multipart\/form-data\" action=\"\/pl\/wp-json\/wp\/v2\/pages\/4852\" data-token=\"9df4fab21412aad1890821892cde7fb4\" data-token-time=\"1776965417\"><noscript class=\"wpforms-error-noscript\">Aby wype\u0142ni\u0107 ten formularz, w\u0142\u0105cz obs\u0142ug\u0119 JavaScript w przegl\u0105darce.<\/noscript><div id=\"wpforms-error-noscript\" style=\"display: none;\">Aby wype\u0142ni\u0107 ten formularz, w\u0142\u0105cz obs\u0142ug\u0119 JavaScript w przegl\u0105darce.<\/div><div class=\"wpforms-field-container\"><div id=\"wpforms-18270-field_1-container\" class=\"wpforms-field wpforms-field-name\" data-field-id=\"1\"><label class=\"wpforms-field-label\" for=\"wpforms-18270-field_1\">Name <span class=\"wpforms-required-label\" aria-hidden=\"true\">*<\/span><\/label><input type=\"text\" id=\"wpforms-18270-field_1\" class=\"wpforms-field-medium wpforms-field-required\" name=\"wpforms[fields][1]\" aria-errormessage=\"wpforms-18270-field_1-error\" required><\/div>\t\t<div id=\"wpforms-18270-field_4-container\"\n\t\t\tclass=\"wpforms-field wpforms-field-text\"\n\t\t\tdata-field-type=\"text\"\n\t\t\tdata-field-id=\"4\"\n\t\t\t>\n\t\t\t<label class=\"wpforms-field-label\" for=\"wpforms-18270-field_4\" >Message Name Email<\/label>\n\t\t\t<input type=\"text\" id=\"wpforms-18270-field_4\" class=\"wpforms-field-medium\" name=\"wpforms[fields][4]\" >\n\t\t<\/div>\n\t\t<div id=\"wpforms-18270-field_2-container\" class=\"wpforms-field wpforms-field-email\" data-field-id=\"2\"><label class=\"wpforms-field-label\" for=\"wpforms-18270-field_2\">Email <span class=\"wpforms-required-label\" aria-hidden=\"true\">*<\/span><\/label><input type=\"email\" id=\"wpforms-18270-field_2\" class=\"wpforms-field-medium wpforms-field-required\" name=\"wpforms[fields][2]\" spellcheck=\"false\" aria-errormessage=\"wpforms-18270-field_2-error\" required><\/div><div id=\"wpforms-18270-field_3-container\" class=\"wpforms-field wpforms-field-textarea\" data-field-id=\"3\"><label class=\"wpforms-field-label\" for=\"wpforms-18270-field_3\">Message <span class=\"wpforms-required-label\" aria-hidden=\"true\">*<\/span><\/label><textarea id=\"wpforms-18270-field_3\" class=\"wpforms-field-medium wpforms-field-required\" name=\"wpforms[fields][3]\" aria-errormessage=\"wpforms-18270-field_3-error\" required><\/textarea><\/div><script>\n\t\t\t\t( function() {\n\t\t\t\t\tconst style = document.createElement( 'style' );\n\t\t\t\t\tstyle.appendChild( document.createTextNode( '#wpforms-18270-field_4-container { position: absolute !important; overflow: hidden !important; display: inline !important; height: 1px !important; width: 1px !important; z-index: -1000 !important; padding: 0 !important; } #wpforms-18270-field_4-container input { visibility: hidden; } #wpforms-conversational-form-page #wpforms-18270-field_4-container label { counter-increment: none; }' ) );\n\t\t\t\t\tdocument.head.appendChild( style );\n\t\t\t\t\tdocument.currentScript?.remove();\n\t\t\t\t} )();\n\t\t\t<\/script><\/div><!-- .wpforms-field-container --><div class=\"wpforms-submit-container\" ><input type=\"hidden\" name=\"wpforms[id]\" value=\"18270\"><input type=\"hidden\" name=\"page_title\" value=\"\"><input type=\"hidden\" name=\"page_url\" value=\"https:\/\/wobblyride.com\/pl\/wp-json\/wp\/v2\/pages\/4852\"><input type=\"hidden\" name=\"url_referer\" value=\"\"><button type=\"submit\" name=\"wpforms[submit]\" id=\"wpforms-submit-18270\" class=\"wpforms-submit\" data-alt-text=\"Sending...\" data-submit-text=\"Submit\" aria-live=\"assertive\" value=\"wpforms-submit\">Submit<\/button><img decoding=\"async\" loading=\"lazy\" src=\"https:\/\/wobblyride.com\/wp-content\/plugins\/wpforms-lite\/assets\/images\/submit-spin.svg\" class=\"wpforms-submit-spinner\" style=\"display: none;\" width=\"26\" height=\"26\" alt=\"Wczytywanie\"><\/div><\/form><\/div>  <!-- .wpforms-container -->\n\n\n<h2 class=\"wp-block-heading\">Support me<\/h2>\n\n\n\n<p class=\"\">Did you find my blog useful? You can say <em>thank you<\/em> using the form above or by <a href=\"https:\/\/ko-fi.com\/wobblyride\">making a donation on Ko-Fi<\/a>. It will help me continue writing more about bicycle touring, active travel and sustainable adventures. Thank you!<\/p>\n\n\n\n<iframe id='kofiframe' src='https:\/\/ko-fi.com\/wobblyride\/?hidefeed=true&#038;widget=true&#038;embed=true&#038;preview=true' style='border:none;width:100%;padding:4px;background:#f9f9f9;' height='712' title='wobblyride'><\/iframe>\n","protected":false},"excerpt":{"rendered":"<p>This is just a short excerpt for the about&nbsp;page.<\/p>","protected":false},"author":2,"featured_media":5728,"parent":0,"menu_order":0,"comment_status":"closed","ping_status":"closed","template":"","meta":{"nf_dc_page":"","_uag_custom_page_level_css":"","site-sidebar-layout":"default","site-content-layout":"","ast-site-content-layout":"default","site-content-style":"default","site-sidebar-style":"default","ast-global-header-display":"","ast-banner-title-visibility":"","ast-main-header-display":"","ast-hfb-above-header-display":"","ast-hfb-below-header-display":"","ast-hfb-mobile-header-display":"","site-post-title":"","ast-breadcrumbs-content":"","ast-featured-img":"","footer-sml-layout":"","ast-disable-related-posts":"","theme-transparent-header-meta":"","adv-header-id-meta":"","stick-header-meta":"","header-above-stick-meta":"","header-main-stick-meta":"","header-below-stick-meta":"","astra-migrate-meta-layouts":"set","ast-page-background-enabled":"default","ast-page-background-meta":{"desktop":{"background-color":"var(--ast-global-color-4)","background-image":"","background-repeat":"repeat","background-position":"center center","background-size":"auto","background-attachment":"scroll","background-type":"","background-media":"","overlay-type":"","overlay-color":"","overlay-opacity":"","overlay-gradient":""},"tablet":{"background-color":"","background-image":"","background-repeat":"repeat","background-position":"center center","background-size":"auto","background-attachment":"scroll","background-type":"","background-media":"","overlay-type":"","overlay-color":"","overlay-opacity":"","overlay-gradient":""},"mobile":{"background-color":"","background-image":"","background-repeat":"repeat","background-position":"center center","background-size":"auto","background-attachment":"scroll","background-type":"","background-media":"","overlay-type":"","overlay-color":"","overlay-opacity":"","overlay-gradient":""}},"ast-content-background-meta":{"desktop":{"background-color":"var(--ast-global-color-5)","background-image":"","background-repeat":"repeat","background-position":"center center","background-size":"auto","background-attachment":"scroll","background-type":"","background-media":"","overlay-type":"","overlay-color":"","overlay-opacity":"","overlay-gradient":""},"tablet":{"background-color":"var(--ast-global-color-5)","background-image":"","background-repeat":"repeat","background-position":"center center","background-size":"auto","background-attachment":"scroll","background-type":"","background-media":"","overlay-type":"","overlay-color":"","overlay-opacity":"","overlay-gradient":""},"mobile":{"background-color":"var(--ast-global-color-5)","background-image":"","background-repeat":"repeat","background-position":"center center","background-size":"auto","background-attachment":"scroll","background-type":"","background-media":"","overlay-type":"","overlay-color":"","overlay-opacity":"","overlay-gradient":""}},"footnotes":""},"class_list":["post-4852","page","type-page","status-publish","has-post-thumbnail","hentry"],"yoast_head":"<!-- This site is optimized with the Yoast SEO plugin v27.4 - https:\/\/yoast.com\/product\/yoast-seo-wordpress\/ -->\n<title>About me - Wobbly Ride<\/title>\n<meta name=\"description\" content=\"I am a solo female bicycle traveller, looking for beauty in less known places. My favourite regions are the Balkans, Scandinavia and Central Asia.\" \/>\n<meta name=\"robots\" content=\"index, follow, max-snippet:-1, max-image-preview:large, max-video-preview:-1\" \/>\n<link rel=\"canonical\" href=\"https:\/\/wobblyride.com\/pl\/about-me\/\" \/>\n<meta property=\"og:locale\" content=\"pl_PL\" \/>\n<meta property=\"og:type\" content=\"article\" \/>\n<meta property=\"og:title\" content=\"About me - Wobbly Ride\" \/>\n<meta property=\"og:description\" content=\"I am a solo female bicycle traveller, looking for beauty in less known places. My favourite regions are the Balkans, Scandinavia and Central Asia.\" \/>\n<meta property=\"og:url\" content=\"https:\/\/wobblyride.com\/pl\/about-me\/\" \/>\n<meta property=\"og:site_name\" content=\"Wobbly Ride\" \/>\n<meta property=\"article:modified_time\" content=\"2026-02-17T12:38:55+00:00\" \/>\n<meta property=\"og:image\" content=\"https:\/\/wobblyride.com\/wp-content\/uploads\/2022\/02\/IMG_20210923_200439.jpg\" \/>\n\t<meta property=\"og:image:width\" content=\"1\" \/>\n\t<meta property=\"og:image:height\" content=\"1\" \/>\n\t<meta property=\"og:image:type\" content=\"image\/jpeg\" \/>\n<meta name=\"twitter:card\" content=\"summary_large_image\" \/>\n<script type=\"application\/ld+json\" class=\"yoast-schema-graph\">{\"@context\":\"https:\\\/\\\/schema.org\",\"@graph\":[{\"@type\":\"WebPage\",\"@id\":\"https:\\\/\\\/wobblyride.com\\\/about-me\\\/\",\"url\":\"https:\\\/\\\/wobblyride.com\\\/about-me\\\/\",\"name\":\"About me - Wobbly Ride\",\"isPartOf\":{\"@id\":\"https:\\\/\\\/wobblyride.com\\\/#website\"},\"primaryImageOfPage\":{\"@id\":\"https:\\\/\\\/wobblyride.com\\\/about-me\\\/#primaryimage\"},\"image\":{\"@id\":\"https:\\\/\\\/wobblyride.com\\\/about-me\\\/#primaryimage\"},\"thumbnailUrl\":\"https:\\\/\\\/wobblyride.com\\\/wp-content\\\/uploads\\\/2022\\\/02\\\/IMG_20210923_200439.jpg\",\"datePublished\":\"2021-10-26T12:21:20+00:00\",\"dateModified\":\"2026-02-17T12:38:55+00:00\",\"description\":\"I am a solo female bicycle traveller, looking for beauty in less known places. My favourite regions are the Balkans, Scandinavia and Central Asia.\",\"breadcrumb\":{\"@id\":\"https:\\\/\\\/wobblyride.com\\\/about-me\\\/#breadcrumb\"},\"inLanguage\":\"pl-PL\",\"potentialAction\":[{\"@type\":\"ReadAction\",\"target\":[\"https:\\\/\\\/wobblyride.com\\\/about-me\\\/\"]}]},{\"@type\":\"ImageObject\",\"inLanguage\":\"pl-PL\",\"@id\":\"https:\\\/\\\/wobblyride.com\\\/about-me\\\/#primaryimage\",\"url\":\"https:\\\/\\\/wobblyride.com\\\/wp-content\\\/uploads\\\/2022\\\/02\\\/IMG_20210923_200439.jpg\",\"contentUrl\":\"https:\\\/\\\/wobblyride.com\\\/wp-content\\\/uploads\\\/2022\\\/02\\\/IMG_20210923_200439.jpg\"},{\"@type\":\"BreadcrumbList\",\"@id\":\"https:\\\/\\\/wobblyride.com\\\/about-me\\\/#breadcrumb\",\"itemListElement\":[{\"@type\":\"ListItem\",\"position\":1,\"name\":\"Home\",\"item\":\"https:\\\/\\\/wobblyride.com\\\/\"},{\"@type\":\"ListItem\",\"position\":2,\"name\":\"About me\"}]},{\"@type\":\"WebSite\",\"@id\":\"https:\\\/\\\/wobblyride.com\\\/#website\",\"url\":\"https:\\\/\\\/wobblyride.com\\\/\",\"name\":\"Wobbly Ride\",\"description\":\"Bicycle touring. Outdoor adventures. Solo female travel.\",\"publisher\":{\"@id\":\"https:\\\/\\\/wobblyride.com\\\/#\\\/schema\\\/person\\\/82abaa263f5532e2b83b361304793e90\"},\"potentialAction\":[{\"@type\":\"SearchAction\",\"target\":{\"@type\":\"EntryPoint\",\"urlTemplate\":\"https:\\\/\\\/wobblyride.com\\\/?s={search_term_string}\"},\"query-input\":{\"@type\":\"PropertyValueSpecification\",\"valueRequired\":true,\"valueName\":\"search_term_string\"}}],\"inLanguage\":\"pl-PL\"},{\"@type\":[\"Person\",\"Organization\"],\"@id\":\"https:\\\/\\\/wobblyride.com\\\/#\\\/schema\\\/person\\\/82abaa263f5532e2b83b361304793e90\",\"name\":\"chmaraa\",\"image\":{\"@type\":\"ImageObject\",\"inLanguage\":\"pl-PL\",\"@id\":\"https:\\\/\\\/wobblyride.com\\\/wp-content\\\/uploads\\\/2022\\\/02\\\/1_dsc05222-e1678819977912.jpg\",\"url\":\"https:\\\/\\\/wobblyride.com\\\/wp-content\\\/uploads\\\/2022\\\/02\\\/1_dsc05222-e1678819977912.jpg\",\"contentUrl\":\"https:\\\/\\\/wobblyride.com\\\/wp-content\\\/uploads\\\/2022\\\/02\\\/1_dsc05222-e1678819977912.jpg\",\"width\":449,\"height\":299,\"caption\":\"chmaraa\"},\"logo\":{\"@id\":\"https:\\\/\\\/wobblyride.com\\\/wp-content\\\/uploads\\\/2022\\\/02\\\/1_dsc05222-e1678819977912.jpg\"}}]}<\/script>\n<!-- \/ Yoast SEO plugin. -->","yoast_head_json":{"title":"About me - Wobbly Ride","description":"I am a solo female bicycle traveller, looking for beauty in less known places. My favourite regions are the Balkans, Scandinavia and Central Asia.","robots":{"index":"index","follow":"follow","max-snippet":"max-snippet:-1","max-image-preview":"max-image-preview:large","max-video-preview":"max-video-preview:-1"},"canonical":"https:\/\/wobblyride.com\/pl\/about-me\/","og_locale":"pl_PL","og_type":"article","og_title":"About me - Wobbly Ride","og_description":"I am a solo female bicycle traveller, looking for beauty in less known places. My favourite regions are the Balkans, Scandinavia and Central Asia.","og_url":"https:\/\/wobblyride.com\/pl\/about-me\/","og_site_name":"Wobbly Ride","article_modified_time":"2026-02-17T12:38:55+00:00","og_image":[{"url":"https:\/\/wobblyride.com\/wp-content\/uploads\/2022\/02\/IMG_20210923_200439.jpg","width":1,"height":1,"type":"image\/jpeg"}],"twitter_card":"summary_large_image","schema":{"@context":"https:\/\/schema.org","@graph":[{"@type":"WebPage","@id":"https:\/\/wobblyride.com\/about-me\/","url":"https:\/\/wobblyride.com\/about-me\/","name":"About me - Wobbly Ride","isPartOf":{"@id":"https:\/\/wobblyride.com\/#website"},"primaryImageOfPage":{"@id":"https:\/\/wobblyride.com\/about-me\/#primaryimage"},"image":{"@id":"https:\/\/wobblyride.com\/about-me\/#primaryimage"},"thumbnailUrl":"https:\/\/wobblyride.com\/wp-content\/uploads\/2022\/02\/IMG_20210923_200439.jpg","datePublished":"2021-10-26T12:21:20+00:00","dateModified":"2026-02-17T12:38:55+00:00","description":"I am a solo female bicycle traveller, looking for beauty in less known places. My favourite regions are the Balkans, Scandinavia and Central Asia.","breadcrumb":{"@id":"https:\/\/wobblyride.com\/about-me\/#breadcrumb"},"inLanguage":"pl-PL","potentialAction":[{"@type":"ReadAction","target":["https:\/\/wobblyride.com\/about-me\/"]}]},{"@type":"ImageObject","inLanguage":"pl-PL","@id":"https:\/\/wobblyride.com\/about-me\/#primaryimage","url":"https:\/\/wobblyride.com\/wp-content\/uploads\/2022\/02\/IMG_20210923_200439.jpg","contentUrl":"https:\/\/wobblyride.com\/wp-content\/uploads\/2022\/02\/IMG_20210923_200439.jpg"},{"@type":"BreadcrumbList","@id":"https:\/\/wobblyride.com\/about-me\/#breadcrumb","itemListElement":[{"@type":"ListItem","position":1,"name":"Home","item":"https:\/\/wobblyride.com\/"},{"@type":"ListItem","position":2,"name":"About me"}]},{"@type":"WebSite","@id":"https:\/\/wobblyride.com\/#website","url":"https:\/\/wobblyride.com\/","name":"Wobbly Ride","description":"Podr\u00f3\u017ce rowerowe. Solowe przygody. Kobiece wyjazdy.","publisher":{"@id":"https:\/\/wobblyride.com\/#\/schema\/person\/82abaa263f5532e2b83b361304793e90"},"potentialAction":[{"@type":"SearchAction","target":{"@type":"EntryPoint","urlTemplate":"https:\/\/wobblyride.com\/?s={search_term_string}"},"query-input":{"@type":"PropertyValueSpecification","valueRequired":true,"valueName":"search_term_string"}}],"inLanguage":"pl-PL"},{"@type":["Person","Organization"],"@id":"https:\/\/wobblyride.com\/#\/schema\/person\/82abaa263f5532e2b83b361304793e90","name":"chmaraa","image":{"@type":"ImageObject","inLanguage":"pl-PL","@id":"https:\/\/wobblyride.com\/wp-content\/uploads\/2022\/02\/1_dsc05222-e1678819977912.jpg","url":"https:\/\/wobblyride.com\/wp-content\/uploads\/2022\/02\/1_dsc05222-e1678819977912.jpg","contentUrl":"https:\/\/wobblyride.com\/wp-content\/uploads\/2022\/02\/1_dsc05222-e1678819977912.jpg","width":449,"height":299,"caption":"chmaraa"},"logo":{"@id":"https:\/\/wobblyride.com\/wp-content\/uploads\/2022\/02\/1_dsc05222-e1678819977912.jpg"}}]}},"uagb_featured_image_src":{"full":["https:\/\/wobblyride.com\/wp-content\/uploads\/2022\/02\/IMG_20210923_200439.jpg",0,0,false],"thumbnail":["https:\/\/wobblyride.com\/wp-content\/uploads\/2022\/02\/IMG_20210923_200439.jpg",1,1,false],"medium":["https:\/\/wobblyride.com\/wp-content\/uploads\/2022\/02\/IMG_20210923_200439.jpg",1,1,false],"medium_large":["https:\/\/wobblyride.com\/wp-content\/uploads\/2022\/02\/IMG_20210923_200439.jpg",1,1,false],"large":["https:\/\/wobblyride.com\/wp-content\/uploads\/2022\/02\/IMG_20210923_200439.jpg",1,1,false],"1536x1536":["https:\/\/wobblyride.com\/wp-content\/uploads\/2022\/02\/IMG_20210923_200439.jpg",1,1,false],"2048x2048":["https:\/\/wobblyride.com\/wp-content\/uploads\/2022\/02\/IMG_20210923_200439.jpg",1,1,false],"trp-custom-language-flag":["https:\/\/wobblyride.com\/wp-content\/uploads\/2022\/02\/IMG_20210923_200439.jpg",1,1,false]},"uagb_author_info":{"display_name":"chmaraa","author_link":"https:\/\/wobblyride.com\/pl\/author\/chmaraa\/"},"uagb_comment_info":0,"uagb_excerpt":"This is just a short excerpt for the about&nbsp;page.","_links":{"self":[{"href":"https:\/\/wobblyride.com\/pl\/wp-json\/wp\/v2\/pages\/4852","targetHints":{"allow":["GET"]}}],"collection":[{"href":"https:\/\/wobblyride.com\/pl\/wp-json\/wp\/v2\/pages"}],"about":[{"href":"https:\/\/wobblyride.com\/pl\/wp-json\/wp\/v2\/types\/page"}],"author":[{"embeddable":true,"href":"https:\/\/wobblyride.com\/pl\/wp-json\/wp\/v2\/users\/2"}],"replies":[{"embeddable":true,"href":"https:\/\/wobblyride.com\/pl\/wp-json\/wp\/v2\/comments?post=4852"}],"version-history":[{"count":1,"href":"https:\/\/wobblyride.com\/pl\/wp-json\/wp\/v2\/pages\/4852\/revisions"}],"predecessor-version":[{"id":18593,"href":"https:\/\/wobblyride.com\/pl\/wp-json\/wp\/v2\/pages\/4852\/revisions\/18593"}],"wp:featuredmedia":[{"embeddable":true,"href":"https:\/\/wobblyride.com\/pl\/wp-json\/wp\/v2\/media\/5728"}],"wp:attachment":[{"href":"https:\/\/wobblyride.com\/pl\/wp-json\/wp\/v2\/media?parent=4852"}],"curies":[{"name":"wp","href":"https:\/\/api.w.org\/{rel}","templated":true}]}}