{"id":17103,"date":"2024-06-17T14:04:05","date_gmt":"2024-06-17T12:04:05","guid":{"rendered":"https:\/\/wobblyride.com\/?page_id=17103"},"modified":"2024-06-17T14:04:09","modified_gmt":"2024-06-17T12:04:09","slug":"switzerland","status":"publish","type":"page","link":"https:\/\/wobblyride.com\/pl\/switzerland\/","title":{"rendered":"Szwajcaria"},"content":{"rendered":"<div class=\"wp-block-uagb-post-grid uagb-post-grid  uagb-post__image-position-top uagb-post__image-enabled uagb-block-f7045224     uagb-post__items uagb-post__columns-3 is-grid uagb-post__columns-tablet-2 uagb-post__columns-mobile-1 uagb-post__equal-height uagb-equal_height_inline-read-more-buttons\" data-total=\"1\" style=\"\">\n\n\t\t\t\t\t\t\t\t\t\t\t\t<article class=\"uagb-post__inner-wrap\">\t\t\t\t\t\t\t\t<div class='uagb-post__image'>\n\t\t\t\t\t\t\t\t\t<a href=\"https:\/\/wobblyride.com\/pl\/2022\/11\/07\/driving-and-cyclingthe-furka-pass-one-of-the-most-iconic-roads-in-europe\/\" target=\"_self\" rel=\"bookmark noopener noreferrer\" class='uagb-image-ratio-inherit'><img decoding=\"async\" loading=\"lazy\" width=\"1024\" height=\"768\" src=\"https:\/\/wobblyride.com\/wp-content\/uploads\/2022\/11\/PB010220-1024x768.jpg\" class=\"attachment-large size-large\" alt=\"driving furka pass\" srcset=\"https:\/\/wobblyride.com\/wp-content\/uploads\/2022\/11\/PB010220-1024x768.jpg 1024w, https:\/\/wobblyride.com\/wp-content\/uploads\/2022\/11\/PB010220-300x225.jpg 300w, https:\/\/wobblyride.com\/wp-content\/uploads\/2022\/11\/PB010220-768x576.jpg 768w, https:\/\/wobblyride.com\/wp-content\/uploads\/2022\/11\/PB010220-1536x1152.jpg 1536w, https:\/\/wobblyride.com\/wp-content\/uploads\/2022\/11\/PB010220-2048x1536.jpg 2048w\" sizes=\"auto, (max-width: 1024px) 100vw, 1024px\" \/>\t\t\t\t\t<\/a>\n\t\t\t\t\t\t\t<\/div>\n\t\t\t\t\t\t<h4 class=\"uagb-post__title uagb-post__text\">\n\t\t\t\t<a href=\"https:\/\/wobblyride.com\/pl\/2022\/11\/07\/driving-and-cyclingthe-furka-pass-one-of-the-most-iconic-roads-in-europe\/\" target=\"_self\" rel=\"bookmark noopener noreferrer\">Driving  Furka Pass &#8211; one of the most iconic roads in Europe<\/a>\n\t\t\t<\/h4>\n\t\t\t\t\t\t<div class='uagb-post__text uagb-post-grid-byline'>\n\t\t\t\t\t\t\t\t<time datetime=\"2022-11-07T19:46:59+01:00\" class=\"uagb-post__date\">\n\t\t\t\t<span class=\"dashicons-calendar dashicons\"><\/span>\t\t\t\t\t7 listopada, 2022\t\t\t\t<\/time>\n\t\t\t\t\t\t\t<span class=\"uagb-post__comment\">\n\t\t\t\t<span class=\"dashicons-admin-comments dashicons\"><\/span>\t\t\t\t\t2 komentarze\t\t\t\t<\/span>\n\t\t\t\t\t\t<\/div>\n\t\t\t\t\t\t\t<div class='uagb-post__text uagb-post__excerpt'>\n\t\t\t\t\t<p>One of the most scenic roads in Switzerland, the Furka Pass rises to 2,429 metres&#8230;.\t\t\t\t<\/div>\n\t\t\t\t\t\t<div class=\"uagb-post__text uagb-post__cta wp-block-button\">\n\t\t\t\t<a class=\"wp-block-button__link uagb-text-link\" style=\"\" href=\"https:\/\/wobblyride.com\/pl\/2022\/11\/07\/driving-and-cyclingthe-furka-pass-one-of-the-most-iconic-roads-in-europe\/\" target=\"_self\" rel=\"bookmark noopener noreferrer\">Dowiedz si\u0119 wi\u0119cej<\/a>\n\t\t\t<\/div>\n\t\t\t\n\t\t\t\t\t\t\t\t\t<\/article>\n\t\t\t\t\t\t\t\t\t\t\t\t\t\t\t\t<article class=\"uagb-post__inner-wrap\">\t\t\t\t\t\t\t\t<h4 class=\"uagb-post__title uagb-post__text\">\n\t\t\t\t<a href=\"https:\/\/wobblyride.com\/pl\/2019\/01\/17\/how-i-left-everything-behind-and-went-to-nobodyknowswhere\/\" target=\"_self\" rel=\"bookmark noopener noreferrer\">How I left everything behind and went to Nobodyknowswhere<\/a>\n\t\t\t<\/h4>\n\t\t\t\t\t\t<div class='uagb-post__text uagb-post-grid-byline'>\n\t\t\t\t\t\t\t\t<time datetime=\"2019-01-17T15:23:56+01:00\" class=\"uagb-post__date\">\n\t\t\t\t<span class=\"dashicons-calendar dashicons\"><\/span>\t\t\t\t\t17 stycznia, 2019\t\t\t\t<\/time>\n\t\t\t\t\t\t\t<span class=\"uagb-post__comment\">\n\t\t\t\t<span class=\"dashicons-admin-comments dashicons\"><\/span>\t\t\t\t\tJeden komentarz\t\t\t\t<\/span>\n\t\t\t\t\t\t<\/div>\n\t\t\t\t\t\t\t<div class='uagb-post__text uagb-post__excerpt'>\n\t\t\t\t\t<p>Basel airport. Wizzair plane lands after a one-and-a-half-hour flight. I leave the plane and after&#8230;\t\t\t\t<\/div>\n\t\t\t\t\t\t<div class=\"uagb-post__text uagb-post__cta wp-block-button\">\n\t\t\t\t<a class=\"wp-block-button__link uagb-text-link\" style=\"\" href=\"https:\/\/wobblyride.com\/pl\/2019\/01\/17\/how-i-left-everything-behind-and-went-to-nobodyknowswhere\/\" target=\"_self\" rel=\"bookmark noopener noreferrer\">Dowiedz si\u0119 wi\u0119cej<\/a>\n\t\t\t<\/div>\n\t\t\t\n\t\t\t\t\t\t\t\t\t<\/article>\n\t\t\t\t\t\t\t\t\t\t\t\t\t\t\t\t<article class=\"uagb-post__inner-wrap\">\t\t\t\t\t\t\t\t<div class='uagb-post__image'>\n\t\t\t\t\t\t\t\t\t<a href=\"https:\/\/wobblyride.com\/pl\/2019\/02\/17\/how-to-cycle-in-sauna-hot-days-in-northern-italy\/\" target=\"_self\" rel=\"bookmark noopener noreferrer\" class='uagb-image-ratio-inherit'><img decoding=\"async\" loading=\"lazy\" width=\"1024\" height=\"767\" src=\"https:\/\/wobblyride.com\/wp-content\/uploads\/2019\/02\/img_0248-e1718623532678-1024x767.jpg\" class=\"attachment-large size-large\" alt=\"\" srcset=\"https:\/\/wobblyride.com\/wp-content\/uploads\/2019\/02\/img_0248-e1718623532678-1024x767.jpg 1024w, https:\/\/wobblyride.com\/wp-content\/uploads\/2019\/02\/img_0248-e1718623532678-300x225.jpg 300w, https:\/\/wobblyride.com\/wp-content\/uploads\/2019\/02\/img_0248-e1718623532678-768x575.jpg 768w, https:\/\/wobblyride.com\/wp-content\/uploads\/2019\/02\/img_0248-e1718623532678-1536x1150.jpg 1536w, https:\/\/wobblyride.com\/wp-content\/uploads\/2019\/02\/img_0248-e1718623532678-16x12.jpg 16w, https:\/\/wobblyride.com\/wp-content\/uploads\/2019\/02\/img_0248-e1718623532678.jpg 1780w\" sizes=\"auto, (max-width: 1024px) 100vw, 1024px\" \/>\t\t\t\t\t<\/a>\n\t\t\t\t\t\t\t<\/div>\n\t\t\t\t\t\t<h4 class=\"uagb-post__title uagb-post__text\">\n\t\t\t\t<a href=\"https:\/\/wobblyride.com\/pl\/2019\/02\/17\/how-to-cycle-in-sauna-hot-days-in-northern-italy\/\" target=\"_self\" rel=\"bookmark noopener noreferrer\">How to cycle in sauna \u2013 hot days in northern Italy<\/a>\n\t\t\t<\/h4>\n\t\t\t\t\t\t<div class='uagb-post__text uagb-post-grid-byline'>\n\t\t\t\t\t\t\t\t<time datetime=\"2019-02-17T18:46:15+01:00\" class=\"uagb-post__date\">\n\t\t\t\t<span class=\"dashicons-calendar dashicons\"><\/span>\t\t\t\t\t17 lutego, 2019\t\t\t\t<\/time>\n\t\t\t\t\t\t\t<span class=\"uagb-post__comment\">\n\t\t\t\t<span class=\"dashicons-admin-comments dashicons\"><\/span>\t\t\t\t\tBrak komentarzy\t\t\t\t<\/span>\n\t\t\t\t\t\t<\/div>\n\t\t\t\t\t\t\t<div class='uagb-post__text uagb-post__excerpt'>\n\t\t\t\t\t<p>Three weeks in Switzerland are truly idyllic. My life is limited to cycling, hiking and&#8230;\t\t\t\t<\/div>\n\t\t\t\t\t\t<div class=\"uagb-post__text uagb-post__cta wp-block-button\">\n\t\t\t\t<a class=\"wp-block-button__link uagb-text-link\" style=\"\" href=\"https:\/\/wobblyride.com\/pl\/2019\/02\/17\/how-to-cycle-in-sauna-hot-days-in-northern-italy\/\" target=\"_self\" rel=\"bookmark noopener noreferrer\">Dowiedz si\u0119 wi\u0119cej<\/a>\n\t\t\t<\/div>\n\t\t\t\n\t\t\t\t\t\t\t\t\t<\/article>\n\t\t\t\t\t\t\t\t\t\t\t\t\t\t\t\t<article class=\"uagb-post__inner-wrap\">\t\t\t\t\t\t\t\t<div class='uagb-post__image'>\n\t\t\t\t\t\t\t\t\t<a href=\"https:\/\/wobblyride.com\/pl\/2022\/11\/24\/interrail-in-switzerland-travel-cheaply-with-swiss-trains\/\" target=\"_self\" rel=\"bookmark noopener noreferrer\" class='uagb-image-ratio-inherit'><img decoding=\"async\" loading=\"lazy\" width=\"1024\" height=\"768\" src=\"https:\/\/wobblyride.com\/wp-content\/uploads\/2022\/11\/PA310098-1024x768.jpg\" class=\"attachment-large size-large\" alt=\"\" srcset=\"https:\/\/wobblyride.com\/wp-content\/uploads\/2022\/11\/PA310098-1024x768.jpg 1024w, https:\/\/wobblyride.com\/wp-content\/uploads\/2022\/11\/PA310098-300x225.jpg 300w, https:\/\/wobblyride.com\/wp-content\/uploads\/2022\/11\/PA310098-768x576.jpg 768w, https:\/\/wobblyride.com\/wp-content\/uploads\/2022\/11\/PA310098-1536x1152.jpg 1536w, https:\/\/wobblyride.com\/wp-content\/uploads\/2022\/11\/PA310098-2048x1536.jpg 2048w\" sizes=\"auto, (max-width: 1024px) 100vw, 1024px\" \/>\t\t\t\t\t<\/a>\n\t\t\t\t\t\t\t<\/div>\n\t\t\t\t\t\t<h4 class=\"uagb-post__title uagb-post__text\">\n\t\t\t\t<a href=\"https:\/\/wobblyride.com\/pl\/2022\/11\/24\/interrail-in-switzerland-travel-cheaply-with-swiss-trains\/\" target=\"_self\" rel=\"bookmark noopener noreferrer\">Interrail in Switzerland. Can you travel cheaply by train in Switzerland?<\/a>\n\t\t\t<\/h4>\n\t\t\t\t\t\t<div class='uagb-post__text uagb-post-grid-byline'>\n\t\t\t\t\t\t\t\t<time datetime=\"2022-11-24T15:45:33+01:00\" class=\"uagb-post__date\">\n\t\t\t\t<span class=\"dashicons-calendar dashicons\"><\/span>\t\t\t\t\t24 listopada, 2022\t\t\t\t<\/time>\n\t\t\t\t\t\t\t<span class=\"uagb-post__comment\">\n\t\t\t\t<span class=\"dashicons-admin-comments dashicons\"><\/span>\t\t\t\t\tBrak komentarzy\t\t\t\t<\/span>\n\t\t\t\t\t\t<\/div>\n\t\t\t\t\t\t\t<div class='uagb-post__text uagb-post__excerpt'>\n\t\t\t\t\t<p>Ever since I was little, I dreamt of taking a Swiss train and travelling to&#8230;\t\t\t\t<\/div>\n\t\t\t\t\t\t<div class=\"uagb-post__text uagb-post__cta wp-block-button\">\n\t\t\t\t<a class=\"wp-block-button__link uagb-text-link\" style=\"\" href=\"https:\/\/wobblyride.com\/pl\/2022\/11\/24\/interrail-in-switzerland-travel-cheaply-with-swiss-trains\/\" target=\"_self\" rel=\"bookmark noopener noreferrer\">Dowiedz si\u0119 wi\u0119cej<\/a>\n\t\t\t<\/div>\n\t\t\t\n\t\t\t\t\t\t\t\t\t<\/article>\n\t\t\t\t\t\t\t\t\t\t\t\t\t\t\t\t<article class=\"uagb-post__inner-wrap\">\t\t\t\t\t\t\t\t<div class='uagb-post__image'>\n\t\t\t\t\t\t\t\t\t<a href=\"https:\/\/wobblyride.com\/pl\/2019\/02\/17\/lady-of-the-lowlands-vs-alpine-passes\/\" target=\"_self\" rel=\"bookmark noopener noreferrer\" class='uagb-image-ratio-inherit'><img decoding=\"async\" loading=\"lazy\" width=\"1024\" height=\"683\" src=\"https:\/\/wobblyride.com\/wp-content\/uploads\/2019\/02\/IMG_0147-1024x683.jpg\" class=\"attachment-large size-large\" alt=\"Cycling Furka Pass\" srcset=\"https:\/\/wobblyride.com\/wp-content\/uploads\/2019\/02\/IMG_0147-1024x683.jpg 1024w, https:\/\/wobblyride.com\/wp-content\/uploads\/2019\/02\/IMG_0147-300x200.jpg 300w, https:\/\/wobblyride.com\/wp-content\/uploads\/2019\/02\/IMG_0147-768x512.jpg 768w\" sizes=\"auto, (max-width: 1024px) 100vw, 1024px\" \/>\t\t\t\t\t<\/a>\n\t\t\t\t\t\t\t<\/div>\n\t\t\t\t\t\t<h4 class=\"uagb-post__title uagb-post__text\">\n\t\t\t\t<a href=\"https:\/\/wobblyride.com\/pl\/2019\/02\/17\/lady-of-the-lowlands-vs-alpine-passes\/\" target=\"_self\" rel=\"bookmark noopener noreferrer\">Lady of the lowlands vs. alpine passes<\/a>\n\t\t\t<\/h4>\n\t\t\t\t\t\t<div class='uagb-post__text uagb-post-grid-byline'>\n\t\t\t\t\t\t\t\t<time datetime=\"2019-02-17T18:31:49+01:00\" class=\"uagb-post__date\">\n\t\t\t\t<span class=\"dashicons-calendar dashicons\"><\/span>\t\t\t\t\t17 lutego, 2019\t\t\t\t<\/time>\n\t\t\t\t\t\t\t<span class=\"uagb-post__comment\">\n\t\t\t\t<span class=\"dashicons-admin-comments dashicons\"><\/span>\t\t\t\t\t2 komentarze\t\t\t\t<\/span>\n\t\t\t\t\t\t<\/div>\n\t\t\t\t\t\t\t<div class='uagb-post__text uagb-post__excerpt'>\n\t\t\t\t\t<p>In my case cycling alpine passes looks a lot like buying pants (buying any other&#8230;\t\t\t\t<\/div>\n\t\t\t\t\t\t<div class=\"uagb-post__text uagb-post__cta wp-block-button\">\n\t\t\t\t<a class=\"wp-block-button__link uagb-text-link\" style=\"\" href=\"https:\/\/wobblyride.com\/pl\/2019\/02\/17\/lady-of-the-lowlands-vs-alpine-passes\/\" target=\"_self\" rel=\"bookmark noopener noreferrer\">Dowiedz si\u0119 wi\u0119cej<\/a>\n\t\t\t<\/div>\n\t\t\t\n\t\t\t\t\t\t\t\t\t<\/article>\n\t\t\t\t\t\t\t\t\t\t\t\t\t\t\t\t<article class=\"uagb-post__inner-wrap\">\t\t\t\t\t\t\t\t<div class='uagb-post__image'>\n\t\t\t\t\t\t\t\t\t<a href=\"https:\/\/wobblyride.com\/pl\/2024\/04\/30\/taking-a-bicycle-on-train-in-europe\/\" target=\"_self\" rel=\"bookmark noopener noreferrer\" class='uagb-image-ratio-inherit'><img decoding=\"async\" loading=\"lazy\" width=\"1024\" height=\"768\" src=\"https:\/\/wobblyride.com\/wp-content\/uploads\/2023\/05\/Zakopane-1024x768.jpg\" class=\"attachment-large size-large\" alt=\"taking bicycle on a train in europe\" srcset=\"https:\/\/wobblyride.com\/wp-content\/uploads\/2023\/05\/Zakopane-1024x768.jpg 1024w, https:\/\/wobblyride.com\/wp-content\/uploads\/2023\/05\/Zakopane-300x225.jpg 300w, https:\/\/wobblyride.com\/wp-content\/uploads\/2023\/05\/Zakopane-768x576.jpg 768w, https:\/\/wobblyride.com\/wp-content\/uploads\/2023\/05\/Zakopane-600x450.jpg 600w, https:\/\/wobblyride.com\/wp-content\/uploads\/2023\/05\/Zakopane.jpg 1200w\" sizes=\"auto, (max-width: 1024px) 100vw, 1024px\" \/>\t\t\t\t\t<\/a>\n\t\t\t\t\t\t\t<\/div>\n\t\t\t\t\t\t<h4 class=\"uagb-post__title uagb-post__text\">\n\t\t\t\t<a href=\"https:\/\/wobblyride.com\/pl\/2024\/04\/30\/taking-a-bicycle-on-train-in-europe\/\" target=\"_self\" rel=\"bookmark noopener noreferrer\">Poci\u0105giem z rowerem po Europie - przewodnik po zasadach w r\u00f3\u017cnych krajach<\/a>\n\t\t\t<\/h4>\n\t\t\t\t\t\t<div class='uagb-post__text uagb-post-grid-byline'>\n\t\t\t\t\t\t\t\t<time datetime=\"2024-04-30T14:36:31+02:00\" class=\"uagb-post__date\">\n\t\t\t\t<span class=\"dashicons-calendar dashicons\"><\/span>\t\t\t\t\t30 kwietnia, 2024\t\t\t\t<\/time>\n\t\t\t\t\t\t\t<span class=\"uagb-post__comment\">\n\t\t\t\t<span class=\"dashicons-admin-comments dashicons\"><\/span>\t\t\t\t\t13 komentarzy\t\t\t\t<\/span>\n\t\t\t\t\t\t<\/div>\n\t\t\t\t\t\t\t<div class='uagb-post__text uagb-post__excerpt'>\n\t\t\t\t\t<p>Travelling by train is probably the most convenient way to bring your bicycle to places&#8230;.\t\t\t\t<\/div>\n\t\t\t\t\t\t<div class=\"uagb-post__text uagb-post__cta wp-block-button\">\n\t\t\t\t<a class=\"wp-block-button__link uagb-text-link\" style=\"\" href=\"https:\/\/wobblyride.com\/pl\/2024\/04\/30\/taking-a-bicycle-on-train-in-europe\/\" target=\"_self\" rel=\"bookmark noopener noreferrer\">Dowiedz si\u0119 wi\u0119cej<\/a>\n\t\t\t<\/div>\n\t\t\t\n\t\t\t\t\t\t\t\t\t<\/article>\n\t\t\t\t\t\t\t\t\t\t\t\t\t\t\t\t<article class=\"uagb-post__inner-wrap\">\t\t\t\t\t\t\t\t<div class='uagb-post__image'>\n\t\t\t\t\t\t\t\t\t<a href=\"https:\/\/wobblyride.com\/pl\/2024\/04\/08\/wild-camping-in-europe-where-legal\/\" target=\"_self\" rel=\"bookmark noopener noreferrer\" class='uagb-image-ratio-inherit'><img decoding=\"async\" loading=\"lazy\" width=\"1024\" height=\"768\" src=\"https:\/\/wobblyride.com\/wp-content\/uploads\/2022\/10\/camping-theth-1024x768.jpg\" class=\"attachment-large size-large\" alt=\"wild camping in Albania\" srcset=\"https:\/\/wobblyride.com\/wp-content\/uploads\/2022\/10\/camping-theth-1024x768.jpg 1024w, https:\/\/wobblyride.com\/wp-content\/uploads\/2022\/10\/camping-theth-300x225.jpg 300w, https:\/\/wobblyride.com\/wp-content\/uploads\/2022\/10\/camping-theth-768x576.jpg 768w, https:\/\/wobblyride.com\/wp-content\/uploads\/2022\/10\/camping-theth-1536x1152.jpg 1536w, https:\/\/wobblyride.com\/wp-content\/uploads\/2022\/10\/camping-theth-2048x1536.jpg 2048w, https:\/\/wobblyride.com\/wp-content\/uploads\/2022\/10\/camping-theth-600x450.jpg 600w\" sizes=\"auto, (max-width: 1024px) 100vw, 1024px\" \/>\t\t\t\t\t<\/a>\n\t\t\t\t\t\t\t<\/div>\n\t\t\t\t\t\t<h4 class=\"uagb-post__title uagb-post__text\">\n\t\t\t\t<a href=\"https:\/\/wobblyride.com\/pl\/2024\/04\/08\/wild-camping-in-europe-where-legal\/\" target=\"_self\" rel=\"bookmark noopener noreferrer\">Spanie na dziko w Europie - gdzie jest legalne i co zrobi\u0107 gdy nie jest?<\/a>\n\t\t\t<\/h4>\n\t\t\t\t\t\t<div class='uagb-post__text uagb-post-grid-byline'>\n\t\t\t\t\t\t\t\t<time datetime=\"2024-04-08T11:44:46+02:00\" class=\"uagb-post__date\">\n\t\t\t\t<span class=\"dashicons-calendar dashicons\"><\/span>\t\t\t\t\t8 kwietnia, 2024\t\t\t\t<\/time>\n\t\t\t\t\t\t\t<span class=\"uagb-post__comment\">\n\t\t\t\t<span class=\"dashicons-admin-comments dashicons\"><\/span>\t\t\t\t\t7 komentarzy\t\t\t\t<\/span>\n\t\t\t\t\t\t<\/div>\n\t\t\t\t\t\t\t<div class='uagb-post__text uagb-post__excerpt'>\n\t\t\t\t\t<p>You bought a tent and want to head on your great outdoor adventure, but now&#8230;\t\t\t\t<\/div>\n\t\t\t\t\t\t<div class=\"uagb-post__text uagb-post__cta wp-block-button\">\n\t\t\t\t<a class=\"wp-block-button__link uagb-text-link\" style=\"\" href=\"https:\/\/wobblyride.com\/pl\/2024\/04\/08\/wild-camping-in-europe-where-legal\/\" target=\"_self\" rel=\"bookmark noopener noreferrer\">Dowiedz si\u0119 wi\u0119cej<\/a>\n\t\t\t<\/div>\n\t\t\t\n\t\t\t\t\t\t\t\t\t<\/article>\n\t\t\t\t\t\t\t\t\t\t\t<\/div>","protected":false},"excerpt":{"rendered":"","protected":false},"author":1,"featured_media":0,"parent":0,"menu_order":0,"comment_status":"closed","ping_status":"closed","template":"","meta":{"nf_dc_page":"","_uag_custom_page_level_css":"","site-sidebar-layout":"default","site-content-layout":"","ast-site-content-layout":"default","site-content-style":"default","site-sidebar-style":"default","ast-global-header-display":"","ast-banner-title-visibility":"","ast-main-header-display":"","ast-hfb-above-header-display":"","ast-hfb-below-header-display":"","ast-hfb-mobile-header-display":"","site-post-title":"","ast-breadcrumbs-content":"","ast-featured-img":"","footer-sml-layout":"","ast-disable-related-posts":"","theme-transparent-header-meta":"","adv-header-id-meta":"","stick-header-meta":"","header-above-stick-meta":"","header-main-stick-meta":"","header-below-stick-meta":"","astra-migrate-meta-layouts":"set","ast-page-background-enabled":"default","ast-page-background-meta":{"desktop":{"background-color":"var(--ast-global-color-4)","background-image":"","background-repeat":"repeat","background-position":"center center","background-size":"auto","background-attachment":"scroll","background-type":"","background-media":"","overlay-type":"","overlay-color":"","overlay-opacity":"","overlay-gradient":""},"tablet":{"background-color":"","background-image":"","background-repeat":"repeat","background-position":"center center","background-size":"auto","background-attachment":"scroll","background-type":"","background-media":"","overlay-type":"","overlay-color":"","overlay-opacity":"","overlay-gradient":""},"mobile":{"background-color":"","background-image":"","background-repeat":"repeat","background-position":"center center","background-size":"auto","background-attachment":"scroll","background-type":"","background-media":"","overlay-type":"","overlay-color":"","overlay-opacity":"","overlay-gradient":""}},"ast-content-background-meta":{"desktop":{"background-color":"var(--ast-global-color-5)","background-image":"","background-repeat":"repeat","background-position":"center center","background-size":"auto","background-attachment":"scroll","background-type":"","background-media":"","overlay-type":"","overlay-color":"","overlay-opacity":"","overlay-gradient":""},"tablet":{"background-color":"var(--ast-global-color-5)","background-image":"","background-repeat":"repeat","background-position":"center center","background-size":"auto","background-attachment":"scroll","background-type":"","background-media":"","overlay-type":"","overlay-color":"","overlay-opacity":"","overlay-gradient":""},"mobile":{"background-color":"var(--ast-global-color-5)","background-image":"","background-repeat":"repeat","background-position":"center center","background-size":"auto","background-attachment":"scroll","background-type":"","background-media":"","overlay-type":"","overlay-color":"","overlay-opacity":"","overlay-gradient":""}},"footnotes":""},"class_list":["post-17103","page","type-page","status-publish","hentry"],"yoast_head":"<!-- This site is optimized with the Yoast SEO plugin v27.4 - https:\/\/yoast.com\/product\/yoast-seo-wordpress\/ -->\n<title>Switzerland - Wobbly Ride<\/title>\n<meta name=\"robots\" content=\"index, follow, max-snippet:-1, max-image-preview:large, max-video-preview:-1\" \/>\n<link rel=\"canonical\" href=\"https:\/\/wobblyride.com\/pl\/switzerland\/\" \/>\n<meta property=\"og:locale\" content=\"pl_PL\" \/>\n<meta property=\"og:type\" content=\"article\" \/>\n<meta property=\"og:title\" content=\"Switzerland - Wobbly Ride\" \/>\n<meta property=\"og:url\" content=\"https:\/\/wobblyride.com\/pl\/switzerland\/\" \/>\n<meta property=\"og:site_name\" content=\"Wobbly Ride\" \/>\n<meta property=\"article:modified_time\" content=\"2024-06-17T12:04:09+00:00\" \/>\n<meta name=\"twitter:card\" content=\"summary_large_image\" \/>\n<script type=\"application\/ld+json\" class=\"yoast-schema-graph\">{\"@context\":\"https:\\\/\\\/schema.org\",\"@graph\":[{\"@type\":\"WebPage\",\"@id\":\"https:\\\/\\\/wobblyride.com\\\/switzerland\\\/\",\"url\":\"https:\\\/\\\/wobblyride.com\\\/switzerland\\\/\",\"name\":\"Switzerland - Wobbly Ride\",\"isPartOf\":{\"@id\":\"https:\\\/\\\/wobblyride.com\\\/#website\"},\"datePublished\":\"2024-06-17T12:04:05+00:00\",\"dateModified\":\"2024-06-17T12:04:09+00:00\",\"breadcrumb\":{\"@id\":\"https:\\\/\\\/wobblyride.com\\\/switzerland\\\/#breadcrumb\"},\"inLanguage\":\"pl-PL\",\"potentialAction\":[{\"@type\":\"ReadAction\",\"target\":[\"https:\\\/\\\/wobblyride.com\\\/switzerland\\\/\"]}]},{\"@type\":\"BreadcrumbList\",\"@id\":\"https:\\\/\\\/wobblyride.com\\\/switzerland\\\/#breadcrumb\",\"itemListElement\":[{\"@type\":\"ListItem\",\"position\":1,\"name\":\"Home\",\"item\":\"https:\\\/\\\/wobblyride.com\\\/\"},{\"@type\":\"ListItem\",\"position\":2,\"name\":\"Switzerland\"}]},{\"@type\":\"WebSite\",\"@id\":\"https:\\\/\\\/wobblyride.com\\\/#website\",\"url\":\"https:\\\/\\\/wobblyride.com\\\/\",\"name\":\"Wobbly Ride\",\"description\":\"Bicycle touring. Outdoor adventures. Solo female travel.\",\"publisher\":{\"@id\":\"https:\\\/\\\/wobblyride.com\\\/#\\\/schema\\\/person\\\/82abaa263f5532e2b83b361304793e90\"},\"potentialAction\":[{\"@type\":\"SearchAction\",\"target\":{\"@type\":\"EntryPoint\",\"urlTemplate\":\"https:\\\/\\\/wobblyride.com\\\/?s={search_term_string}\"},\"query-input\":{\"@type\":\"PropertyValueSpecification\",\"valueRequired\":true,\"valueName\":\"search_term_string\"}}],\"inLanguage\":\"pl-PL\"},{\"@type\":[\"Person\",\"Organization\"],\"@id\":\"https:\\\/\\\/wobblyride.com\\\/#\\\/schema\\\/person\\\/82abaa263f5532e2b83b361304793e90\",\"name\":\"chmaraa\",\"image\":{\"@type\":\"ImageObject\",\"inLanguage\":\"pl-PL\",\"@id\":\"https:\\\/\\\/wobblyride.com\\\/wp-content\\\/uploads\\\/2022\\\/02\\\/1_dsc05222-e1678819977912.jpg\",\"url\":\"https:\\\/\\\/wobblyride.com\\\/wp-content\\\/uploads\\\/2022\\\/02\\\/1_dsc05222-e1678819977912.jpg\",\"contentUrl\":\"https:\\\/\\\/wobblyride.com\\\/wp-content\\\/uploads\\\/2022\\\/02\\\/1_dsc05222-e1678819977912.jpg\",\"width\":449,\"height\":299,\"caption\":\"chmaraa\"},\"logo\":{\"@id\":\"https:\\\/\\\/wobblyride.com\\\/wp-content\\\/uploads\\\/2022\\\/02\\\/1_dsc05222-e1678819977912.jpg\"}}]}<\/script>\n<!-- \/ Yoast SEO plugin. -->","yoast_head_json":{"title":"Switzerland - Wobbly Ride","robots":{"index":"index","follow":"follow","max-snippet":"max-snippet:-1","max-image-preview":"max-image-preview:large","max-video-preview":"max-video-preview:-1"},"canonical":"https:\/\/wobblyride.com\/pl\/switzerland\/","og_locale":"pl_PL","og_type":"article","og_title":"Switzerland - Wobbly Ride","og_url":"https:\/\/wobblyride.com\/pl\/switzerland\/","og_site_name":"Wobbly Ride","article_modified_time":"2024-06-17T12:04:09+00:00","twitter_card":"summary_large_image","schema":{"@context":"https:\/\/schema.org","@graph":[{"@type":"WebPage","@id":"https:\/\/wobblyride.com\/switzerland\/","url":"https:\/\/wobblyride.com\/switzerland\/","name":"Switzerland - Wobbly Ride","isPartOf":{"@id":"https:\/\/wobblyride.com\/#website"},"datePublished":"2024-06-17T12:04:05+00:00","dateModified":"2024-06-17T12:04:09+00:00","breadcrumb":{"@id":"https:\/\/wobblyride.com\/switzerland\/#breadcrumb"},"inLanguage":"pl-PL","potentialAction":[{"@type":"ReadAction","target":["https:\/\/wobblyride.com\/switzerland\/"]}]},{"@type":"BreadcrumbList","@id":"https:\/\/wobblyride.com\/switzerland\/#breadcrumb","itemListElement":[{"@type":"ListItem","position":1,"name":"Home","item":"https:\/\/wobblyride.com\/"},{"@type":"ListItem","position":2,"name":"Switzerland"}]},{"@type":"WebSite","@id":"https:\/\/wobblyride.com\/#website","url":"https:\/\/wobblyride.com\/","name":"Wobbly Ride","description":"Podr\u00f3\u017ce rowerowe. Solowe przygody. Kobiece wyjazdy.","publisher":{"@id":"https:\/\/wobblyride.com\/#\/schema\/person\/82abaa263f5532e2b83b361304793e90"},"potentialAction":[{"@type":"SearchAction","target":{"@type":"EntryPoint","urlTemplate":"https:\/\/wobblyride.com\/?s={search_term_string}"},"query-input":{"@type":"PropertyValueSpecification","valueRequired":true,"valueName":"search_term_string"}}],"inLanguage":"pl-PL"},{"@type":["Person","Organization"],"@id":"https:\/\/wobblyride.com\/#\/schema\/person\/82abaa263f5532e2b83b361304793e90","name":"chmaraa","image":{"@type":"ImageObject","inLanguage":"pl-PL","@id":"https:\/\/wobblyride.com\/wp-content\/uploads\/2022\/02\/1_dsc05222-e1678819977912.jpg","url":"https:\/\/wobblyride.com\/wp-content\/uploads\/2022\/02\/1_dsc05222-e1678819977912.jpg","contentUrl":"https:\/\/wobblyride.com\/wp-content\/uploads\/2022\/02\/1_dsc05222-e1678819977912.jpg","width":449,"height":299,"caption":"chmaraa"},"logo":{"@id":"https:\/\/wobblyride.com\/wp-content\/uploads\/2022\/02\/1_dsc05222-e1678819977912.jpg"}}]}},"uagb_featured_image_src":{"full":false,"thumbnail":false,"medium":false,"medium_large":false,"large":false,"1536x1536":false,"2048x2048":false,"trp-custom-language-flag":false},"uagb_author_info":{"display_name":"admin","author_link":"https:\/\/wobblyride.com\/pl\/author\/admin\/"},"uagb_comment_info":0,"uagb_excerpt":null,"_links":{"self":[{"href":"https:\/\/wobblyride.com\/pl\/wp-json\/wp\/v2\/pages\/17103","targetHints":{"allow":["GET"]}}],"collection":[{"href":"https:\/\/wobblyride.com\/pl\/wp-json\/wp\/v2\/pages"}],"about":[{"href":"https:\/\/wobblyride.com\/pl\/wp-json\/wp\/v2\/types\/page"}],"author":[{"embeddable":true,"href":"https:\/\/wobblyride.com\/pl\/wp-json\/wp\/v2\/users\/1"}],"replies":[{"embeddable":true,"href":"https:\/\/wobblyride.com\/pl\/wp-json\/wp\/v2\/comments?post=17103"}],"version-history":[{"count":0,"href":"https:\/\/wobblyride.com\/pl\/wp-json\/wp\/v2\/pages\/17103\/revisions"}],"wp:attachment":[{"href":"https:\/\/wobblyride.com\/pl\/wp-json\/wp\/v2\/media?parent=17103"}],"curies":[{"name":"wp","href":"https:\/\/api.w.org\/{rel}","templated":true}]}}