{"id":17092,"date":"2024-06-17T14:00:54","date_gmt":"2024-06-17T12:00:54","guid":{"rendered":"https:\/\/wobblyride.com\/?page_id=17092"},"modified":"2024-06-17T14:00:58","modified_gmt":"2024-06-17T12:00:58","slug":"slovenia","status":"publish","type":"page","link":"https:\/\/wobblyride.com\/pl\/slovenia\/","title":{"rendered":"S\u0142owenia"},"content":{"rendered":"<div class=\"wp-block-uagb-post-grid uagb-post-grid  uagb-post__image-position-top uagb-post__image-enabled uagb-block-f7045224     uagb-post__items uagb-post__columns-3 is-grid uagb-post__columns-tablet-2 uagb-post__columns-mobile-1 uagb-post__equal-height uagb-equal_height_inline-read-more-buttons\" data-total=\"1\" style=\"\">\n\n\t\t\t\t\t\t\t\t\t\t\t\t<article class=\"uagb-post__inner-wrap\">\t\t\t\t\t\t\t\t<div class='uagb-post__image'>\n\t\t\t\t\t\t\t\t\t<a href=\"https:\/\/wobblyride.com\/pl\/2019\/05\/17\/bled-socza-alpy-julijskie-i-steve-jobs-japonek-czyli-slowenia-i-austria-rowerem\/\" target=\"_self\" rel=\"bookmark noopener noreferrer\" class='uagb-image-ratio-inherit'><img decoding=\"async\" loading=\"lazy\" width=\"1024\" height=\"768\" src=\"https:\/\/wobblyride.com\/wp-content\/uploads\/2019\/05\/img_04911-1-1024x768.jpg\" class=\"attachment-large size-large\" alt=\"\" srcset=\"https:\/\/wobblyride.com\/wp-content\/uploads\/2019\/05\/img_04911-1-1024x768.jpg 1024w, https:\/\/wobblyride.com\/wp-content\/uploads\/2019\/05\/img_04911-1-300x225.jpg 300w, https:\/\/wobblyride.com\/wp-content\/uploads\/2019\/05\/img_04911-1-768x576.jpg 768w, https:\/\/wobblyride.com\/wp-content\/uploads\/2019\/05\/img_04911-1-1536x1152.jpg 1536w, https:\/\/wobblyride.com\/wp-content\/uploads\/2019\/05\/img_04911-1-16x12.jpg 16w, https:\/\/wobblyride.com\/wp-content\/uploads\/2019\/05\/img_04911-1.jpg 1777w\" sizes=\"auto, (max-width: 1024px) 100vw, 1024px\" \/>\t\t\t\t\t<\/a>\n\t\t\t\t\t\t\t<\/div>\n\t\t\t\t\t\t<h4 class=\"uagb-post__title uagb-post__text\">\n\t\t\t\t<a href=\"https:\/\/wobblyride.com\/pl\/2019\/05\/17\/bled-socza-alpy-julijskie-i-steve-jobs-japonek-czyli-slowenia-i-austria-rowerem\/\" target=\"_self\" rel=\"bookmark noopener noreferrer\">Bled, So\u010da, Julian Alps and the Steve Jobs of flip flops \u2013 Slovenia (and a bit of Austria) by bike<\/a>\n\t\t\t<\/h4>\n\t\t\t\t\t\t<div class='uagb-post__text uagb-post-grid-byline'>\n\t\t\t\t\t\t\t\t<time datetime=\"2019-05-17T23:09:29+02:00\" class=\"uagb-post__date\">\n\t\t\t\t<span class=\"dashicons-calendar dashicons\"><\/span>\t\t\t\t\t17 maja, 2019\t\t\t\t<\/time>\n\t\t\t\t\t\t\t<span class=\"uagb-post__comment\">\n\t\t\t\t<span class=\"dashicons-admin-comments dashicons\"><\/span>\t\t\t\t\tJeden komentarz\t\t\t\t<\/span>\n\t\t\t\t\t\t<\/div>\n\t\t\t\t\t\t\t<div class='uagb-post__text uagb-post__excerpt'>\n\t\t\t\t\t<p>From the Italian Dolomites\u00a0I headed to Austria. I don&#8217;t even know why, because somehow I&#8230;\t\t\t\t<\/div>\n\t\t\t\t\t\t<div class=\"uagb-post__text uagb-post__cta wp-block-button\">\n\t\t\t\t<a class=\"wp-block-button__link uagb-text-link\" style=\"\" href=\"https:\/\/wobblyride.com\/pl\/2019\/05\/17\/bled-socza-alpy-julijskie-i-steve-jobs-japonek-czyli-slowenia-i-austria-rowerem\/\" target=\"_self\" rel=\"bookmark noopener noreferrer\">Dowiedz si\u0119 wi\u0119cej<\/a>\n\t\t\t<\/div>\n\t\t\t\n\t\t\t\t\t\t\t\t\t<\/article>\n\t\t\t\t\t\t\t\t\t\t\t\t\t\t\t\t<article class=\"uagb-post__inner-wrap\">\t\t\t\t\t\t\t\t<div class='uagb-post__image'>\n\t\t\t\t\t\t\t\t\t<a href=\"https:\/\/wobblyride.com\/pl\/2024\/10\/14\/cycling-trans-dinarica-everything-you-need-to-know\/\" target=\"_self\" rel=\"bookmark noopener noreferrer\" class='uagb-image-ratio-inherit'><img decoding=\"async\" loading=\"lazy\" width=\"1024\" height=\"768\" src=\"https:\/\/wobblyride.com\/wp-content\/uploads\/2024\/10\/P9102084-1024x768.jpg\" class=\"attachment-large size-large\" alt=\"cycling trans dinarica\" srcset=\"https:\/\/wobblyride.com\/wp-content\/uploads\/2024\/10\/P9102084-1024x768.jpg 1024w, https:\/\/wobblyride.com\/wp-content\/uploads\/2024\/10\/P9102084-300x225.jpg 300w, https:\/\/wobblyride.com\/wp-content\/uploads\/2024\/10\/P9102084-768x576.jpg 768w, https:\/\/wobblyride.com\/wp-content\/uploads\/2024\/10\/P9102084-1536x1152.jpg 1536w, https:\/\/wobblyride.com\/wp-content\/uploads\/2024\/10\/P9102084-2048x1536.jpg 2048w, https:\/\/wobblyride.com\/wp-content\/uploads\/2024\/10\/P9102084-16x12.jpg 16w\" sizes=\"auto, (max-width: 1024px) 100vw, 1024px\" \/>\t\t\t\t\t<\/a>\n\t\t\t\t\t\t\t<\/div>\n\t\t\t\t\t\t<h4 class=\"uagb-post__title uagb-post__text\">\n\t\t\t\t<a href=\"https:\/\/wobblyride.com\/pl\/2024\/10\/14\/cycling-trans-dinarica-everything-you-need-to-know\/\" target=\"_self\" rel=\"bookmark noopener noreferrer\">Trans Dinarica - trasa rowerowa \u0142\u0105cz\u0105ca ca\u0142e Ba\u0142kany<\/a>\n\t\t\t<\/h4>\n\t\t\t\t\t\t<div class='uagb-post__text uagb-post-grid-byline'>\n\t\t\t\t\t\t\t\t<time datetime=\"2024-10-14T11:23:11+02:00\" class=\"uagb-post__date\">\n\t\t\t\t<span class=\"dashicons-calendar dashicons\"><\/span>\t\t\t\t\t14 pa\u017adziernika, 2024\t\t\t\t<\/time>\n\t\t\t\t\t\t\t<span class=\"uagb-post__comment\">\n\t\t\t\t<span class=\"dashicons-admin-comments dashicons\"><\/span>\t\t\t\t\t13 komentarzy\t\t\t\t<\/span>\n\t\t\t\t\t\t<\/div>\n\t\t\t\t\t\t\t<div class='uagb-post__text uagb-post__excerpt'>\n\t\t\t\t\t<p>Trans Dinarica is the first cycle route covering eight Balkan countries, stretching over 5,500 km&#8230;\t\t\t\t<\/div>\n\t\t\t\t\t\t<div class=\"uagb-post__text uagb-post__cta wp-block-button\">\n\t\t\t\t<a class=\"wp-block-button__link uagb-text-link\" style=\"\" href=\"https:\/\/wobblyride.com\/pl\/2024\/10\/14\/cycling-trans-dinarica-everything-you-need-to-know\/\" target=\"_self\" rel=\"bookmark noopener noreferrer\">Dowiedz si\u0119 wi\u0119cej<\/a>\n\t\t\t<\/div>\n\t\t\t\n\t\t\t\t\t\t\t\t\t<\/article>\n\t\t\t\t\t\t\t\t\t\t\t\t\t\t\t\t<article class=\"uagb-post__inner-wrap\">\t\t\t\t\t\t\t\t<div class='uagb-post__image'>\n\t\t\t\t\t\t\t\t\t<a href=\"https:\/\/wobblyride.com\/pl\/2024\/04\/30\/taking-a-bicycle-on-train-in-europe\/\" target=\"_self\" rel=\"bookmark noopener noreferrer\" class='uagb-image-ratio-inherit'><img decoding=\"async\" loading=\"lazy\" width=\"1024\" height=\"768\" src=\"https:\/\/wobblyride.com\/wp-content\/uploads\/2023\/05\/Zakopane-1024x768.jpg\" class=\"attachment-large size-large\" alt=\"taking bicycle on a train in europe\" srcset=\"https:\/\/wobblyride.com\/wp-content\/uploads\/2023\/05\/Zakopane-1024x768.jpg 1024w, https:\/\/wobblyride.com\/wp-content\/uploads\/2023\/05\/Zakopane-300x225.jpg 300w, https:\/\/wobblyride.com\/wp-content\/uploads\/2023\/05\/Zakopane-768x576.jpg 768w, https:\/\/wobblyride.com\/wp-content\/uploads\/2023\/05\/Zakopane-600x450.jpg 600w, https:\/\/wobblyride.com\/wp-content\/uploads\/2023\/05\/Zakopane.jpg 1200w\" sizes=\"auto, (max-width: 1024px) 100vw, 1024px\" \/>\t\t\t\t\t<\/a>\n\t\t\t\t\t\t\t<\/div>\n\t\t\t\t\t\t<h4 class=\"uagb-post__title uagb-post__text\">\n\t\t\t\t<a href=\"https:\/\/wobblyride.com\/pl\/2024\/04\/30\/taking-a-bicycle-on-train-in-europe\/\" target=\"_self\" rel=\"bookmark noopener noreferrer\">Poci\u0105giem z rowerem po Europie - przewodnik po zasadach w r\u00f3\u017cnych krajach<\/a>\n\t\t\t<\/h4>\n\t\t\t\t\t\t<div class='uagb-post__text uagb-post-grid-byline'>\n\t\t\t\t\t\t\t\t<time datetime=\"2024-04-30T14:36:31+02:00\" class=\"uagb-post__date\">\n\t\t\t\t<span class=\"dashicons-calendar dashicons\"><\/span>\t\t\t\t\t30 kwietnia, 2024\t\t\t\t<\/time>\n\t\t\t\t\t\t\t<span class=\"uagb-post__comment\">\n\t\t\t\t<span class=\"dashicons-admin-comments dashicons\"><\/span>\t\t\t\t\t13 komentarzy\t\t\t\t<\/span>\n\t\t\t\t\t\t<\/div>\n\t\t\t\t\t\t\t<div class='uagb-post__text uagb-post__excerpt'>\n\t\t\t\t\t<p>Travelling by train is probably the most convenient way to bring your bicycle to places&#8230;.\t\t\t\t<\/div>\n\t\t\t\t\t\t<div class=\"uagb-post__text uagb-post__cta wp-block-button\">\n\t\t\t\t<a class=\"wp-block-button__link uagb-text-link\" style=\"\" href=\"https:\/\/wobblyride.com\/pl\/2024\/04\/30\/taking-a-bicycle-on-train-in-europe\/\" target=\"_self\" rel=\"bookmark noopener noreferrer\">Dowiedz si\u0119 wi\u0119cej<\/a>\n\t\t\t<\/div>\n\t\t\t\n\t\t\t\t\t\t\t\t\t<\/article>\n\t\t\t\t\t\t\t\t\t\t\t\t\t\t\t\t<article class=\"uagb-post__inner-wrap\">\t\t\t\t\t\t\t\t<div class='uagb-post__image'>\n\t\t\t\t\t\t\t\t\t<a href=\"https:\/\/wobblyride.com\/pl\/2025\/01\/29\/the-best-long-distance-cycling-routes-to-explore-in-2025\/\" target=\"_self\" rel=\"bookmark noopener noreferrer\" class='uagb-image-ratio-inherit'><img decoding=\"async\" loading=\"lazy\" width=\"1024\" height=\"768\" src=\"https:\/\/wobblyride.com\/wp-content\/uploads\/2025\/01\/P9081867-1024x768.webp\" class=\"attachment-large size-large\" alt=\"\" srcset=\"https:\/\/wobblyride.com\/wp-content\/uploads\/2025\/01\/P9081867-1024x768.webp 1024w, https:\/\/wobblyride.com\/wp-content\/uploads\/2025\/01\/P9081867-300x225.webp 300w, https:\/\/wobblyride.com\/wp-content\/uploads\/2025\/01\/P9081867-768x576.webp 768w, https:\/\/wobblyride.com\/wp-content\/uploads\/2025\/01\/P9081867-1536x1152.webp 1536w, https:\/\/wobblyride.com\/wp-content\/uploads\/2025\/01\/P9081867-2048x1536.webp 2048w, https:\/\/wobblyride.com\/wp-content\/uploads\/2025\/01\/P9081867-16x12.webp 16w\" sizes=\"auto, (max-width: 1024px) 100vw, 1024px\" \/>\t\t\t\t\t<\/a>\n\t\t\t\t\t\t\t<\/div>\n\t\t\t\t\t\t<h4 class=\"uagb-post__title uagb-post__text\">\n\t\t\t\t<a href=\"https:\/\/wobblyride.com\/pl\/2025\/01\/29\/the-best-long-distance-cycling-routes-to-explore-in-2025\/\" target=\"_self\" rel=\"bookmark noopener noreferrer\">Najlepsze szlaki rowerowe na wypraw\u0119 w 2025 roku<\/a>\n\t\t\t<\/h4>\n\t\t\t\t\t\t<div class='uagb-post__text uagb-post-grid-byline'>\n\t\t\t\t\t\t\t\t<time datetime=\"2025-01-29T17:07:14+01:00\" class=\"uagb-post__date\">\n\t\t\t\t<span class=\"dashicons-calendar dashicons\"><\/span>\t\t\t\t\t29 stycznia, 2025\t\t\t\t<\/time>\n\t\t\t\t\t\t\t<span class=\"uagb-post__comment\">\n\t\t\t\t<span class=\"dashicons-admin-comments dashicons\"><\/span>\t\t\t\t\tJeden komentarz\t\t\t\t<\/span>\n\t\t\t\t\t\t<\/div>\n\t\t\t\t\t\t\t<div class='uagb-post__text uagb-post__excerpt'>\n\t\t\t\t\t<p>Embarking on a long-distance cycling adventure is one of the best ways to explore the&#8230;\t\t\t\t<\/div>\n\t\t\t\t\t\t<div class=\"uagb-post__text uagb-post__cta wp-block-button\">\n\t\t\t\t<a class=\"wp-block-button__link uagb-text-link\" style=\"\" href=\"https:\/\/wobblyride.com\/pl\/2025\/01\/29\/the-best-long-distance-cycling-routes-to-explore-in-2025\/\" target=\"_self\" rel=\"bookmark noopener noreferrer\">Dowiedz si\u0119 wi\u0119cej<\/a>\n\t\t\t<\/div>\n\t\t\t\n\t\t\t\t\t\t\t\t\t<\/article>\n\t\t\t\t\t\t\t\t\t\t\t\t\t\t\t\t<article class=\"uagb-post__inner-wrap\">\t\t\t\t\t\t\t\t<div class='uagb-post__image'>\n\t\t\t\t\t\t\t\t\t<a href=\"https:\/\/wobblyride.com\/pl\/2024\/04\/08\/wild-camping-in-europe-where-legal\/\" target=\"_self\" rel=\"bookmark noopener noreferrer\" class='uagb-image-ratio-inherit'><img decoding=\"async\" loading=\"lazy\" width=\"1024\" height=\"768\" src=\"https:\/\/wobblyride.com\/wp-content\/uploads\/2022\/10\/camping-theth-1024x768.jpg\" class=\"attachment-large size-large\" alt=\"wild camping in Albania\" srcset=\"https:\/\/wobblyride.com\/wp-content\/uploads\/2022\/10\/camping-theth-1024x768.jpg 1024w, https:\/\/wobblyride.com\/wp-content\/uploads\/2022\/10\/camping-theth-300x225.jpg 300w, https:\/\/wobblyride.com\/wp-content\/uploads\/2022\/10\/camping-theth-768x576.jpg 768w, https:\/\/wobblyride.com\/wp-content\/uploads\/2022\/10\/camping-theth-1536x1152.jpg 1536w, https:\/\/wobblyride.com\/wp-content\/uploads\/2022\/10\/camping-theth-2048x1536.jpg 2048w, https:\/\/wobblyride.com\/wp-content\/uploads\/2022\/10\/camping-theth-600x450.jpg 600w\" sizes=\"auto, (max-width: 1024px) 100vw, 1024px\" \/>\t\t\t\t\t<\/a>\n\t\t\t\t\t\t\t<\/div>\n\t\t\t\t\t\t<h4 class=\"uagb-post__title uagb-post__text\">\n\t\t\t\t<a href=\"https:\/\/wobblyride.com\/pl\/2024\/04\/08\/wild-camping-in-europe-where-legal\/\" target=\"_self\" rel=\"bookmark noopener noreferrer\">Spanie na dziko w Europie - gdzie jest legalne i co zrobi\u0107 gdy nie jest?<\/a>\n\t\t\t<\/h4>\n\t\t\t\t\t\t<div class='uagb-post__text uagb-post-grid-byline'>\n\t\t\t\t\t\t\t\t<time datetime=\"2024-04-08T11:44:46+02:00\" class=\"uagb-post__date\">\n\t\t\t\t<span class=\"dashicons-calendar dashicons\"><\/span>\t\t\t\t\t8 kwietnia, 2024\t\t\t\t<\/time>\n\t\t\t\t\t\t\t<span class=\"uagb-post__comment\">\n\t\t\t\t<span class=\"dashicons-admin-comments dashicons\"><\/span>\t\t\t\t\t7 komentarzy\t\t\t\t<\/span>\n\t\t\t\t\t\t<\/div>\n\t\t\t\t\t\t\t<div class='uagb-post__text uagb-post__excerpt'>\n\t\t\t\t\t<p>You bought a tent and want to head on your great outdoor adventure, but now&#8230;\t\t\t\t<\/div>\n\t\t\t\t\t\t<div class=\"uagb-post__text uagb-post__cta wp-block-button\">\n\t\t\t\t<a class=\"wp-block-button__link uagb-text-link\" style=\"\" href=\"https:\/\/wobblyride.com\/pl\/2024\/04\/08\/wild-camping-in-europe-where-legal\/\" target=\"_self\" rel=\"bookmark noopener noreferrer\">Dowiedz si\u0119 wi\u0119cej<\/a>\n\t\t\t<\/div>\n\t\t\t\n\t\t\t\t\t\t\t\t\t<\/article>\n\t\t\t\t\t\t\t\t\t\t\t<\/div>","protected":false},"excerpt":{"rendered":"","protected":false},"author":1,"featured_media":0,"parent":0,"menu_order":0,"comment_status":"closed","ping_status":"closed","template":"","meta":{"nf_dc_page":"","_uag_custom_page_level_css":"","site-sidebar-layout":"default","site-content-layout":"","ast-site-content-layout":"default","site-content-style":"default","site-sidebar-style":"default","ast-global-header-display":"","ast-banner-title-visibility":"","ast-main-header-display":"","ast-hfb-above-header-display":"","ast-hfb-below-header-display":"","ast-hfb-mobile-header-display":"","site-post-title":"","ast-breadcrumbs-content":"","ast-featured-img":"","footer-sml-layout":"","ast-disable-related-posts":"","theme-transparent-header-meta":"","adv-header-id-meta":"","stick-header-meta":"","header-above-stick-meta":"","header-main-stick-meta":"","header-below-stick-meta":"","astra-migrate-meta-layouts":"set","ast-page-background-enabled":"default","ast-page-background-meta":{"desktop":{"background-color":"var(--ast-global-color-4)","background-image":"","background-repeat":"repeat","background-position":"center center","background-size":"auto","background-attachment":"scroll","background-type":"","background-media":"","overlay-type":"","overlay-color":"","overlay-opacity":"","overlay-gradient":""},"tablet":{"background-color":"","background-image":"","background-repeat":"repeat","background-position":"center center","background-size":"auto","background-attachment":"scroll","background-type":"","background-media":"","overlay-type":"","overlay-color":"","overlay-opacity":"","overlay-gradient":""},"mobile":{"background-color":"","background-image":"","background-repeat":"repeat","background-position":"center center","background-size":"auto","background-attachment":"scroll","background-type":"","background-media":"","overlay-type":"","overlay-color":"","overlay-opacity":"","overlay-gradient":""}},"ast-content-background-meta":{"desktop":{"background-color":"var(--ast-global-color-5)","background-image":"","background-repeat":"repeat","background-position":"center center","background-size":"auto","background-attachment":"scroll","background-type":"","background-media":"","overlay-type":"","overlay-color":"","overlay-opacity":"","overlay-gradient":""},"tablet":{"background-color":"var(--ast-global-color-5)","background-image":"","background-repeat":"repeat","background-position":"center center","background-size":"auto","background-attachment":"scroll","background-type":"","background-media":"","overlay-type":"","overlay-color":"","overlay-opacity":"","overlay-gradient":""},"mobile":{"background-color":"var(--ast-global-color-5)","background-image":"","background-repeat":"repeat","background-position":"center center","background-size":"auto","background-attachment":"scroll","background-type":"","background-media":"","overlay-type":"","overlay-color":"","overlay-opacity":"","overlay-gradient":""}},"footnotes":""},"class_list":["post-17092","page","type-page","status-publish","hentry"],"yoast_head":"<!-- This site is optimized with the Yoast SEO plugin v27.4 - https:\/\/yoast.com\/product\/yoast-seo-wordpress\/ -->\n<title>Slovenia - Wobbly Ride<\/title>\n<meta name=\"robots\" content=\"index, follow, max-snippet:-1, max-image-preview:large, max-video-preview:-1\" \/>\n<link rel=\"canonical\" href=\"https:\/\/wobblyride.com\/pl\/slovenia\/\" \/>\n<meta property=\"og:locale\" content=\"pl_PL\" \/>\n<meta property=\"og:type\" content=\"article\" \/>\n<meta property=\"og:title\" content=\"Slovenia - Wobbly Ride\" \/>\n<meta property=\"og:url\" content=\"https:\/\/wobblyride.com\/pl\/slovenia\/\" \/>\n<meta property=\"og:site_name\" content=\"Wobbly Ride\" \/>\n<meta property=\"article:modified_time\" content=\"2024-06-17T12:00:58+00:00\" \/>\n<meta name=\"twitter:card\" content=\"summary_large_image\" \/>\n<script type=\"application\/ld+json\" class=\"yoast-schema-graph\">{\"@context\":\"https:\\\/\\\/schema.org\",\"@graph\":[{\"@type\":\"WebPage\",\"@id\":\"https:\\\/\\\/wobblyride.com\\\/slovenia\\\/\",\"url\":\"https:\\\/\\\/wobblyride.com\\\/slovenia\\\/\",\"name\":\"Slovenia - Wobbly Ride\",\"isPartOf\":{\"@id\":\"https:\\\/\\\/wobblyride.com\\\/#website\"},\"datePublished\":\"2024-06-17T12:00:54+00:00\",\"dateModified\":\"2024-06-17T12:00:58+00:00\",\"breadcrumb\":{\"@id\":\"https:\\\/\\\/wobblyride.com\\\/slovenia\\\/#breadcrumb\"},\"inLanguage\":\"pl-PL\",\"potentialAction\":[{\"@type\":\"ReadAction\",\"target\":[\"https:\\\/\\\/wobblyride.com\\\/slovenia\\\/\"]}]},{\"@type\":\"BreadcrumbList\",\"@id\":\"https:\\\/\\\/wobblyride.com\\\/slovenia\\\/#breadcrumb\",\"itemListElement\":[{\"@type\":\"ListItem\",\"position\":1,\"name\":\"Home\",\"item\":\"https:\\\/\\\/wobblyride.com\\\/\"},{\"@type\":\"ListItem\",\"position\":2,\"name\":\"Slovenia\"}]},{\"@type\":\"WebSite\",\"@id\":\"https:\\\/\\\/wobblyride.com\\\/#website\",\"url\":\"https:\\\/\\\/wobblyride.com\\\/\",\"name\":\"Wobbly Ride\",\"description\":\"Bicycle touring. Outdoor adventures. Solo female travel.\",\"publisher\":{\"@id\":\"https:\\\/\\\/wobblyride.com\\\/#\\\/schema\\\/person\\\/82abaa263f5532e2b83b361304793e90\"},\"potentialAction\":[{\"@type\":\"SearchAction\",\"target\":{\"@type\":\"EntryPoint\",\"urlTemplate\":\"https:\\\/\\\/wobblyride.com\\\/?s={search_term_string}\"},\"query-input\":{\"@type\":\"PropertyValueSpecification\",\"valueRequired\":true,\"valueName\":\"search_term_string\"}}],\"inLanguage\":\"pl-PL\"},{\"@type\":[\"Person\",\"Organization\"],\"@id\":\"https:\\\/\\\/wobblyride.com\\\/#\\\/schema\\\/person\\\/82abaa263f5532e2b83b361304793e90\",\"name\":\"chmaraa\",\"image\":{\"@type\":\"ImageObject\",\"inLanguage\":\"pl-PL\",\"@id\":\"https:\\\/\\\/wobblyride.com\\\/wp-content\\\/uploads\\\/2022\\\/02\\\/1_dsc05222-e1678819977912.jpg\",\"url\":\"https:\\\/\\\/wobblyride.com\\\/wp-content\\\/uploads\\\/2022\\\/02\\\/1_dsc05222-e1678819977912.jpg\",\"contentUrl\":\"https:\\\/\\\/wobblyride.com\\\/wp-content\\\/uploads\\\/2022\\\/02\\\/1_dsc05222-e1678819977912.jpg\",\"width\":449,\"height\":299,\"caption\":\"chmaraa\"},\"logo\":{\"@id\":\"https:\\\/\\\/wobblyride.com\\\/wp-content\\\/uploads\\\/2022\\\/02\\\/1_dsc05222-e1678819977912.jpg\"}}]}<\/script>\n<!-- \/ Yoast SEO plugin. -->","yoast_head_json":{"title":"Slovenia - Wobbly Ride","robots":{"index":"index","follow":"follow","max-snippet":"max-snippet:-1","max-image-preview":"max-image-preview:large","max-video-preview":"max-video-preview:-1"},"canonical":"https:\/\/wobblyride.com\/pl\/slovenia\/","og_locale":"pl_PL","og_type":"article","og_title":"Slovenia - Wobbly Ride","og_url":"https:\/\/wobblyride.com\/pl\/slovenia\/","og_site_name":"Wobbly Ride","article_modified_time":"2024-06-17T12:00:58+00:00","twitter_card":"summary_large_image","schema":{"@context":"https:\/\/schema.org","@graph":[{"@type":"WebPage","@id":"https:\/\/wobblyride.com\/slovenia\/","url":"https:\/\/wobblyride.com\/slovenia\/","name":"Slovenia - Wobbly Ride","isPartOf":{"@id":"https:\/\/wobblyride.com\/#website"},"datePublished":"2024-06-17T12:00:54+00:00","dateModified":"2024-06-17T12:00:58+00:00","breadcrumb":{"@id":"https:\/\/wobblyride.com\/slovenia\/#breadcrumb"},"inLanguage":"pl-PL","potentialAction":[{"@type":"ReadAction","target":["https:\/\/wobblyride.com\/slovenia\/"]}]},{"@type":"BreadcrumbList","@id":"https:\/\/wobblyride.com\/slovenia\/#breadcrumb","itemListElement":[{"@type":"ListItem","position":1,"name":"Home","item":"https:\/\/wobblyride.com\/"},{"@type":"ListItem","position":2,"name":"Slovenia"}]},{"@type":"WebSite","@id":"https:\/\/wobblyride.com\/#website","url":"https:\/\/wobblyride.com\/","name":"Wobbly Ride","description":"Podr\u00f3\u017ce rowerowe. Solowe przygody. Kobiece wyjazdy.","publisher":{"@id":"https:\/\/wobblyride.com\/#\/schema\/person\/82abaa263f5532e2b83b361304793e90"},"potentialAction":[{"@type":"SearchAction","target":{"@type":"EntryPoint","urlTemplate":"https:\/\/wobblyride.com\/?s={search_term_string}"},"query-input":{"@type":"PropertyValueSpecification","valueRequired":true,"valueName":"search_term_string"}}],"inLanguage":"pl-PL"},{"@type":["Person","Organization"],"@id":"https:\/\/wobblyride.com\/#\/schema\/person\/82abaa263f5532e2b83b361304793e90","name":"chmaraa","image":{"@type":"ImageObject","inLanguage":"pl-PL","@id":"https:\/\/wobblyride.com\/wp-content\/uploads\/2022\/02\/1_dsc05222-e1678819977912.jpg","url":"https:\/\/wobblyride.com\/wp-content\/uploads\/2022\/02\/1_dsc05222-e1678819977912.jpg","contentUrl":"https:\/\/wobblyride.com\/wp-content\/uploads\/2022\/02\/1_dsc05222-e1678819977912.jpg","width":449,"height":299,"caption":"chmaraa"},"logo":{"@id":"https:\/\/wobblyride.com\/wp-content\/uploads\/2022\/02\/1_dsc05222-e1678819977912.jpg"}}]}},"uagb_featured_image_src":{"full":false,"thumbnail":false,"medium":false,"medium_large":false,"large":false,"1536x1536":false,"2048x2048":false,"trp-custom-language-flag":false},"uagb_author_info":{"display_name":"admin","author_link":"https:\/\/wobblyride.com\/pl\/author\/admin\/"},"uagb_comment_info":0,"uagb_excerpt":null,"_links":{"self":[{"href":"https:\/\/wobblyride.com\/pl\/wp-json\/wp\/v2\/pages\/17092","targetHints":{"allow":["GET"]}}],"collection":[{"href":"https:\/\/wobblyride.com\/pl\/wp-json\/wp\/v2\/pages"}],"about":[{"href":"https:\/\/wobblyride.com\/pl\/wp-json\/wp\/v2\/types\/page"}],"author":[{"embeddable":true,"href":"https:\/\/wobblyride.com\/pl\/wp-json\/wp\/v2\/users\/1"}],"replies":[{"embeddable":true,"href":"https:\/\/wobblyride.com\/pl\/wp-json\/wp\/v2\/comments?post=17092"}],"version-history":[{"count":0,"href":"https:\/\/wobblyride.com\/pl\/wp-json\/wp\/v2\/pages\/17092\/revisions"}],"wp:attachment":[{"href":"https:\/\/wobblyride.com\/pl\/wp-json\/wp\/v2\/media?parent=17092"}],"curies":[{"name":"wp","href":"https:\/\/api.w.org\/{rel}","templated":true}]}}