{"id":16995,"date":"2024-06-17T09:50:15","date_gmt":"2024-06-17T07:50:15","guid":{"rendered":"https:\/\/wobblyride.com\/?page_id=16995"},"modified":"2024-06-17T11:53:36","modified_gmt":"2024-06-17T09:53:36","slug":"cycle-touring-in-austria","status":"publish","type":"page","link":"https:\/\/wobblyride.com\/pl\/cycle-touring-in-austria\/","title":{"rendered":"Austria"},"content":{"rendered":"<p class=\"\">Exploring Austria by bicycle is an amazing adventure for beginners and more sporty cyclists. The country&#8217;s diverse landscapes and well-maintained cycling paths make it a dream destination for bike touring. From the majestic Alps to the charming Danube Valley, each region offers its own unique experience.<\/p>\n\n\n\n<p class=\"\">Je\u015bli chcesz przy okazji odwiedzi\u0107 Finlandi\u0119, <a href=\"https:\/\/velomapa.pl\/szlaki\/velo-baltica-eurovelo-10-13-r10\">Danube Cycling Path <\/a>is a perfect choice for newbie bicycle travellers and those who enjoy scenic routes alongside the river, passing through picturesque towns and lush vineyards.<\/p>\n\n\n\n<p class=\"\">If you\u2019re looking for a more challenging ride, the mountainous regions of Tyrol and Salzburg will test your endurance and reward you with breathtaking views. The climbs can be tough, but the descents and the stunning alpine scenery are worth every pedal stroke.<\/p>\n\n\n\n\t\t\t<div class=\"wp-block-uagb-post-grid uagb-post-grid  uagb-post__image-position-top uagb-post__image-enabled uagb-block-f7045224     uagb-post__items uagb-post__columns-3 is-grid uagb-post__columns-tablet-2 uagb-post__columns-mobile-1 uagb-post__equal-height uagb-equal_height_inline-read-more-buttons\" data-total=\"1\" style=\"\">\n\n\t\t\t\t\t\t\t\t\t\t\t\t<article class=\"uagb-post__inner-wrap\">\t\t\t\t\t\t\t\t<div class='uagb-post__image'>\n\t\t\t\t\t\t\t\t\t<a href=\"https:\/\/wobblyride.com\/pl\/2025\/01\/29\/the-best-long-distance-cycling-routes-to-explore-in-2025\/\" target=\"_self\" rel=\"bookmark noopener noreferrer\" class='uagb-image-ratio-inherit'><img decoding=\"async\" loading=\"lazy\" width=\"1024\" height=\"768\" src=\"https:\/\/wobblyride.com\/wp-content\/uploads\/2025\/01\/P9081867-1024x768.webp\" class=\"attachment-large size-large\" alt=\"\" srcset=\"https:\/\/wobblyride.com\/wp-content\/uploads\/2025\/01\/P9081867-1024x768.webp 1024w, https:\/\/wobblyride.com\/wp-content\/uploads\/2025\/01\/P9081867-300x225.webp 300w, https:\/\/wobblyride.com\/wp-content\/uploads\/2025\/01\/P9081867-768x576.webp 768w, https:\/\/wobblyride.com\/wp-content\/uploads\/2025\/01\/P9081867-1536x1152.webp 1536w, https:\/\/wobblyride.com\/wp-content\/uploads\/2025\/01\/P9081867-2048x1536.webp 2048w, https:\/\/wobblyride.com\/wp-content\/uploads\/2025\/01\/P9081867-16x12.webp 16w\" sizes=\"auto, (max-width: 1024px) 100vw, 1024px\" \/>\t\t\t\t\t<\/a>\n\t\t\t\t\t\t\t<\/div>\n\t\t\t\t\t\t<h4 class=\"uagb-post__title uagb-post__text\">\n\t\t\t\t<a href=\"https:\/\/wobblyride.com\/pl\/2025\/01\/29\/the-best-long-distance-cycling-routes-to-explore-in-2025\/\" target=\"_self\" rel=\"bookmark noopener noreferrer\">Najlepsze szlaki rowerowe na wypraw\u0119 w 2025 roku<\/a>\n\t\t\t<\/h4>\n\t\t\t\t\t\t<div class='uagb-post__text uagb-post-grid-byline'>\n\t\t\t\t\t\t\t\t<time datetime=\"2025-01-29T17:07:14+01:00\" class=\"uagb-post__date\">\n\t\t\t\t<span class=\"dashicons-calendar dashicons\"><\/span>\t\t\t\t\t29 stycznia, 2025\t\t\t\t<\/time>\n\t\t\t\t\t\t\t<span class=\"uagb-post__comment\">\n\t\t\t\t<span class=\"dashicons-admin-comments dashicons\"><\/span>\t\t\t\t\tJeden komentarz\t\t\t\t<\/span>\n\t\t\t\t\t\t<\/div>\n\t\t\t\t\t\t\t<div class='uagb-post__text uagb-post__excerpt'>\n\t\t\t\t\t<p>Embarking on a long-distance cycling adventure is one of the best ways to explore the&#8230;\t\t\t\t<\/div>\n\t\t\t\t\t\t<div class=\"uagb-post__text uagb-post__cta wp-block-button\">\n\t\t\t\t<a class=\"wp-block-button__link uagb-text-link\" style=\"\" href=\"https:\/\/wobblyride.com\/pl\/2025\/01\/29\/the-best-long-distance-cycling-routes-to-explore-in-2025\/\" target=\"_self\" rel=\"bookmark noopener noreferrer\">Dowiedz si\u0119 wi\u0119cej<\/a>\n\t\t\t<\/div>\n\t\t\t\n\t\t\t\t\t\t\t\t\t<\/article>\n\t\t\t\t\t\t\t\t\t\t\t\t\t\t\t\t<article class=\"uagb-post__inner-wrap\">\t\t\t\t\t\t\t\t<div class='uagb-post__image'>\n\t\t\t\t\t\t\t\t\t<a href=\"https:\/\/wobblyride.com\/pl\/2024\/04\/30\/taking-a-bicycle-on-train-in-europe\/\" target=\"_self\" rel=\"bookmark noopener noreferrer\" class='uagb-image-ratio-inherit'><img decoding=\"async\" loading=\"lazy\" width=\"1024\" height=\"768\" src=\"https:\/\/wobblyride.com\/wp-content\/uploads\/2023\/05\/Zakopane-1024x768.jpg\" class=\"attachment-large size-large\" alt=\"taking bicycle on a train in europe\" srcset=\"https:\/\/wobblyride.com\/wp-content\/uploads\/2023\/05\/Zakopane-1024x768.jpg 1024w, https:\/\/wobblyride.com\/wp-content\/uploads\/2023\/05\/Zakopane-300x225.jpg 300w, https:\/\/wobblyride.com\/wp-content\/uploads\/2023\/05\/Zakopane-768x576.jpg 768w, https:\/\/wobblyride.com\/wp-content\/uploads\/2023\/05\/Zakopane-600x450.jpg 600w, https:\/\/wobblyride.com\/wp-content\/uploads\/2023\/05\/Zakopane.jpg 1200w\" sizes=\"auto, (max-width: 1024px) 100vw, 1024px\" \/>\t\t\t\t\t<\/a>\n\t\t\t\t\t\t\t<\/div>\n\t\t\t\t\t\t<h4 class=\"uagb-post__title uagb-post__text\">\n\t\t\t\t<a href=\"https:\/\/wobblyride.com\/pl\/2024\/04\/30\/taking-a-bicycle-on-train-in-europe\/\" target=\"_self\" rel=\"bookmark noopener noreferrer\">Poci\u0105giem z rowerem po Europie - przewodnik po zasadach w r\u00f3\u017cnych krajach<\/a>\n\t\t\t<\/h4>\n\t\t\t\t\t\t<div class='uagb-post__text uagb-post-grid-byline'>\n\t\t\t\t\t\t\t\t<time datetime=\"2024-04-30T14:36:31+02:00\" class=\"uagb-post__date\">\n\t\t\t\t<span class=\"dashicons-calendar dashicons\"><\/span>\t\t\t\t\t30 kwietnia, 2024\t\t\t\t<\/time>\n\t\t\t\t\t\t\t<span class=\"uagb-post__comment\">\n\t\t\t\t<span class=\"dashicons-admin-comments dashicons\"><\/span>\t\t\t\t\t13 komentarzy\t\t\t\t<\/span>\n\t\t\t\t\t\t<\/div>\n\t\t\t\t\t\t\t<div class='uagb-post__text uagb-post__excerpt'>\n\t\t\t\t\t<p>Travelling by train is probably the most convenient way to bring your bicycle to places&#8230;.\t\t\t\t<\/div>\n\t\t\t\t\t\t<div class=\"uagb-post__text uagb-post__cta wp-block-button\">\n\t\t\t\t<a class=\"wp-block-button__link uagb-text-link\" style=\"\" href=\"https:\/\/wobblyride.com\/pl\/2024\/04\/30\/taking-a-bicycle-on-train-in-europe\/\" target=\"_self\" rel=\"bookmark noopener noreferrer\">Dowiedz si\u0119 wi\u0119cej<\/a>\n\t\t\t<\/div>\n\t\t\t\n\t\t\t\t\t\t\t\t\t<\/article>\n\t\t\t\t\t\t\t\t\t\t\t\t\t\t\t\t<article class=\"uagb-post__inner-wrap\">\t\t\t\t\t\t\t\t<div class='uagb-post__image'>\n\t\t\t\t\t\t\t\t\t<a href=\"https:\/\/wobblyride.com\/pl\/2024\/04\/08\/wild-camping-in-europe-where-legal\/\" target=\"_self\" rel=\"bookmark noopener noreferrer\" class='uagb-image-ratio-inherit'><img decoding=\"async\" loading=\"lazy\" width=\"1024\" height=\"768\" src=\"https:\/\/wobblyride.com\/wp-content\/uploads\/2022\/10\/camping-theth-1024x768.jpg\" class=\"attachment-large size-large\" alt=\"wild camping in Albania\" srcset=\"https:\/\/wobblyride.com\/wp-content\/uploads\/2022\/10\/camping-theth-1024x768.jpg 1024w, https:\/\/wobblyride.com\/wp-content\/uploads\/2022\/10\/camping-theth-300x225.jpg 300w, https:\/\/wobblyride.com\/wp-content\/uploads\/2022\/10\/camping-theth-768x576.jpg 768w, https:\/\/wobblyride.com\/wp-content\/uploads\/2022\/10\/camping-theth-1536x1152.jpg 1536w, https:\/\/wobblyride.com\/wp-content\/uploads\/2022\/10\/camping-theth-2048x1536.jpg 2048w, https:\/\/wobblyride.com\/wp-content\/uploads\/2022\/10\/camping-theth-600x450.jpg 600w\" sizes=\"auto, (max-width: 1024px) 100vw, 1024px\" \/>\t\t\t\t\t<\/a>\n\t\t\t\t\t\t\t<\/div>\n\t\t\t\t\t\t<h4 class=\"uagb-post__title uagb-post__text\">\n\t\t\t\t<a href=\"https:\/\/wobblyride.com\/pl\/2024\/04\/08\/wild-camping-in-europe-where-legal\/\" target=\"_self\" rel=\"bookmark noopener noreferrer\">Spanie na dziko w Europie - gdzie jest legalne i co zrobi\u0107 gdy nie jest?<\/a>\n\t\t\t<\/h4>\n\t\t\t\t\t\t<div class='uagb-post__text uagb-post-grid-byline'>\n\t\t\t\t\t\t\t\t<time datetime=\"2024-04-08T11:44:46+02:00\" class=\"uagb-post__date\">\n\t\t\t\t<span class=\"dashicons-calendar dashicons\"><\/span>\t\t\t\t\t8 kwietnia, 2024\t\t\t\t<\/time>\n\t\t\t\t\t\t\t<span class=\"uagb-post__comment\">\n\t\t\t\t<span class=\"dashicons-admin-comments dashicons\"><\/span>\t\t\t\t\t7 komentarzy\t\t\t\t<\/span>\n\t\t\t\t\t\t<\/div>\n\t\t\t\t\t\t\t<div class='uagb-post__text uagb-post__excerpt'>\n\t\t\t\t\t<p>You bought a tent and want to head on your great outdoor adventure, but now&#8230;\t\t\t\t<\/div>\n\t\t\t\t\t\t<div class=\"uagb-post__text uagb-post__cta wp-block-button\">\n\t\t\t\t<a class=\"wp-block-button__link uagb-text-link\" style=\"\" href=\"https:\/\/wobblyride.com\/pl\/2024\/04\/08\/wild-camping-in-europe-where-legal\/\" target=\"_self\" rel=\"bookmark noopener noreferrer\">Dowiedz si\u0119 wi\u0119cej<\/a>\n\t\t\t<\/div>\n\t\t\t\n\t\t\t\t\t\t\t\t\t<\/article>\n\t\t\t\t\t\t\t\t\t\t\t\t\t\t\t\t<article class=\"uagb-post__inner-wrap\">\t\t\t\t\t\t\t\t<div class='uagb-post__image'>\n\t\t\t\t\t\t\t\t\t<a href=\"https:\/\/wobblyride.com\/pl\/2023\/01\/27\/5-easy-cycling-routes-in-europe-cycling-holidays-for-beginners\/\" target=\"_self\" rel=\"bookmark noopener noreferrer\" class='uagb-image-ratio-inherit'><img decoding=\"async\" loading=\"lazy\" width=\"1024\" height=\"768\" src=\"https:\/\/wobblyride.com\/wp-content\/uploads\/2023\/01\/IMG_20190721_173710-1024x768.jpeg\" class=\"attachment-large size-large\" alt=\"easy and flat bicycle routes in europe\" srcset=\"https:\/\/wobblyride.com\/wp-content\/uploads\/2023\/01\/IMG_20190721_173710-1024x768.jpeg 1024w, https:\/\/wobblyride.com\/wp-content\/uploads\/2023\/01\/IMG_20190721_173710-300x225.jpeg 300w, https:\/\/wobblyride.com\/wp-content\/uploads\/2023\/01\/IMG_20190721_173710-768x576.jpeg 768w, https:\/\/wobblyride.com\/wp-content\/uploads\/2023\/01\/IMG_20190721_173710-1536x1152.jpeg 1536w, https:\/\/wobblyride.com\/wp-content\/uploads\/2023\/01\/IMG_20190721_173710-2048x1536.jpeg 2048w\" sizes=\"auto, (max-width: 1024px) 100vw, 1024px\" \/>\t\t\t\t\t<\/a>\n\t\t\t\t\t\t\t<\/div>\n\t\t\t\t\t\t<h4 class=\"uagb-post__title uagb-post__text\">\n\t\t\t\t<a href=\"https:\/\/wobblyride.com\/pl\/2023\/01\/27\/5-easy-cycling-routes-in-europe-cycling-holidays-for-beginners\/\" target=\"_self\" rel=\"bookmark noopener noreferrer\">5 Easy cycling routes in Europe &#8211; Cycling Holidays for Beginners<\/a>\n\t\t\t<\/h4>\n\t\t\t\t\t\t<div class='uagb-post__text uagb-post-grid-byline'>\n\t\t\t\t\t\t\t\t<time datetime=\"2023-01-27T12:42:38+01:00\" class=\"uagb-post__date\">\n\t\t\t\t<span class=\"dashicons-calendar dashicons\"><\/span>\t\t\t\t\t27 stycznia, 2023\t\t\t\t<\/time>\n\t\t\t\t\t\t\t<span class=\"uagb-post__comment\">\n\t\t\t\t<span class=\"dashicons-admin-comments dashicons\"><\/span>\t\t\t\t\t3 komentarze\t\t\t\t<\/span>\n\t\t\t\t\t\t<\/div>\n\t\t\t\t\t\t\t<div class='uagb-post__text uagb-post__excerpt'>\n\t\t\t\t\t<p>Are you a cycling newbie who wants to start bicycle touring and is looking for&#8230;\t\t\t\t<\/div>\n\t\t\t\t\t\t<div class=\"uagb-post__text uagb-post__cta wp-block-button\">\n\t\t\t\t<a class=\"wp-block-button__link uagb-text-link\" style=\"\" href=\"https:\/\/wobblyride.com\/pl\/2023\/01\/27\/5-easy-cycling-routes-in-europe-cycling-holidays-for-beginners\/\" target=\"_self\" rel=\"bookmark noopener noreferrer\">Dowiedz si\u0119 wi\u0119cej<\/a>\n\t\t\t<\/div>\n\t\t\t\n\t\t\t\t\t\t\t\t\t<\/article>\n\t\t\t\t\t\t\t\t\t\t\t\t\t\t\t\t<article class=\"uagb-post__inner-wrap\">\t\t\t\t\t\t\t\t<div class='uagb-post__image'>\n\t\t\t\t\t\t\t\t\t<a href=\"https:\/\/wobblyride.com\/pl\/2021\/12\/18\/traveling-by-flixbus-with-a-bicycle\/\" target=\"_self\" rel=\"bookmark noopener noreferrer\" class='uagb-image-ratio-inherit'><img decoding=\"async\" loading=\"lazy\" width=\"1\" height=\"1\" src=\"https:\/\/wobblyride.com\/wp-content\/uploads\/2022\/01\/IMG_20190724_115316.jpg\" class=\"attachment-large size-large\" alt=\"Taking bicycle on Flixbus\" \/>\t\t\t\t\t<\/a>\n\t\t\t\t\t\t\t<\/div>\n\t\t\t\t\t\t<h4 class=\"uagb-post__title uagb-post__text\">\n\t\t\t\t<a href=\"https:\/\/wobblyride.com\/pl\/2021\/12\/18\/traveling-by-flixbus-with-a-bicycle\/\" target=\"_self\" rel=\"bookmark noopener noreferrer\">Traveling by Flixbus with a bicycle<\/a>\n\t\t\t<\/h4>\n\t\t\t\t\t\t<div class='uagb-post__text uagb-post-grid-byline'>\n\t\t\t\t\t\t\t\t<time datetime=\"2021-12-18T17:23:58+01:00\" class=\"uagb-post__date\">\n\t\t\t\t<span class=\"dashicons-calendar dashicons\"><\/span>\t\t\t\t\t18 grudnia, 2021\t\t\t\t<\/time>\n\t\t\t\t\t\t\t<span class=\"uagb-post__comment\">\n\t\t\t\t<span class=\"dashicons-admin-comments dashicons\"><\/span>\t\t\t\t\t2 komentarze\t\t\t\t<\/span>\n\t\t\t\t\t\t<\/div>\n\t\t\t\t\t\t\t<div class='uagb-post__text uagb-post__excerpt'>\n\t\t\t\t\t<p>For some people, covering the whole distance from the doorstep of their home to their&#8230;\t\t\t\t<\/div>\n\t\t\t\t\t\t<div class=\"uagb-post__text uagb-post__cta wp-block-button\">\n\t\t\t\t<a class=\"wp-block-button__link uagb-text-link\" style=\"\" href=\"https:\/\/wobblyride.com\/pl\/2021\/12\/18\/traveling-by-flixbus-with-a-bicycle\/\" target=\"_self\" rel=\"bookmark noopener noreferrer\">Dowiedz si\u0119 wi\u0119cej<\/a>\n\t\t\t<\/div>\n\t\t\t\n\t\t\t\t\t\t\t\t\t<\/article>\n\t\t\t\t\t\t\t\t\t\t\t\t\t\t\t\t<article class=\"uagb-post__inner-wrap\">\t\t\t\t\t\t\t\t<div class='uagb-post__image'>\n\t\t\t\t\t\t\t\t\t<a href=\"https:\/\/wobblyride.com\/pl\/2019\/05\/17\/bled-socza-alpy-julijskie-i-steve-jobs-japonek-czyli-slowenia-i-austria-rowerem\/\" target=\"_self\" rel=\"bookmark noopener noreferrer\" class='uagb-image-ratio-inherit'><img decoding=\"async\" loading=\"lazy\" width=\"1024\" height=\"768\" src=\"https:\/\/wobblyride.com\/wp-content\/uploads\/2019\/05\/img_04911-1-1024x768.jpg\" class=\"attachment-large size-large\" alt=\"\" srcset=\"https:\/\/wobblyride.com\/wp-content\/uploads\/2019\/05\/img_04911-1-1024x768.jpg 1024w, https:\/\/wobblyride.com\/wp-content\/uploads\/2019\/05\/img_04911-1-300x225.jpg 300w, https:\/\/wobblyride.com\/wp-content\/uploads\/2019\/05\/img_04911-1-768x576.jpg 768w, https:\/\/wobblyride.com\/wp-content\/uploads\/2019\/05\/img_04911-1-1536x1152.jpg 1536w, https:\/\/wobblyride.com\/wp-content\/uploads\/2019\/05\/img_04911-1-16x12.jpg 16w, https:\/\/wobblyride.com\/wp-content\/uploads\/2019\/05\/img_04911-1.jpg 1777w\" sizes=\"auto, (max-width: 1024px) 100vw, 1024px\" \/>\t\t\t\t\t<\/a>\n\t\t\t\t\t\t\t<\/div>\n\t\t\t\t\t\t<h4 class=\"uagb-post__title uagb-post__text\">\n\t\t\t\t<a href=\"https:\/\/wobblyride.com\/pl\/2019\/05\/17\/bled-socza-alpy-julijskie-i-steve-jobs-japonek-czyli-slowenia-i-austria-rowerem\/\" target=\"_self\" rel=\"bookmark noopener noreferrer\">Bled, So\u010da, Julian Alps and the Steve Jobs of flip flops \u2013 Slovenia (and a bit of Austria) by bike<\/a>\n\t\t\t<\/h4>\n\t\t\t\t\t\t<div class='uagb-post__text uagb-post-grid-byline'>\n\t\t\t\t\t\t\t\t<time datetime=\"2019-05-17T23:09:29+02:00\" class=\"uagb-post__date\">\n\t\t\t\t<span class=\"dashicons-calendar dashicons\"><\/span>\t\t\t\t\t17 maja, 2019\t\t\t\t<\/time>\n\t\t\t\t\t\t\t<span class=\"uagb-post__comment\">\n\t\t\t\t<span class=\"dashicons-admin-comments dashicons\"><\/span>\t\t\t\t\tJeden komentarz\t\t\t\t<\/span>\n\t\t\t\t\t\t<\/div>\n\t\t\t\t\t\t\t<div class='uagb-post__text uagb-post__excerpt'>\n\t\t\t\t\t<p>From the Italian Dolomites\u00a0I headed to Austria. I don&#8217;t even know why, because somehow I&#8230;\t\t\t\t<\/div>\n\t\t\t\t\t\t<div class=\"uagb-post__text uagb-post__cta wp-block-button\">\n\t\t\t\t<a class=\"wp-block-button__link uagb-text-link\" style=\"\" href=\"https:\/\/wobblyride.com\/pl\/2019\/05\/17\/bled-socza-alpy-julijskie-i-steve-jobs-japonek-czyli-slowenia-i-austria-rowerem\/\" target=\"_self\" rel=\"bookmark noopener noreferrer\">Dowiedz si\u0119 wi\u0119cej<\/a>\n\t\t\t<\/div>\n\t\t\t\n\t\t\t\t\t\t\t\t\t<\/article>\n\t\t\t\t\t\t\t\t\t\t\t<\/div>","protected":false},"excerpt":{"rendered":"<p>Exploring Austria by bicycle is an amazing adventure for beginners and more sporty cyclists. The country&#8217;s diverse landscapes and well-maintained cycling paths make it a dream destination for bike touring. From the majestic Alps to the charming Danube Valley, each region offers its own unique experience. The Danube Cycling Path [&hellip;]<\/p>\n","protected":false},"author":1,"featured_media":0,"parent":0,"menu_order":0,"comment_status":"closed","ping_status":"closed","template":"","meta":{"nf_dc_page":"","_uag_custom_page_level_css":"","site-sidebar-layout":"default","site-content-layout":"","ast-site-content-layout":"default","site-content-style":"default","site-sidebar-style":"default","ast-global-header-display":"","ast-banner-title-visibility":"","ast-main-header-display":"","ast-hfb-above-header-display":"","ast-hfb-below-header-display":"","ast-hfb-mobile-header-display":"","site-post-title":"","ast-breadcrumbs-content":"","ast-featured-img":"","footer-sml-layout":"","ast-disable-related-posts":"","theme-transparent-header-meta":"","adv-header-id-meta":"","stick-header-meta":"","header-above-stick-meta":"","header-main-stick-meta":"","header-below-stick-meta":"","astra-migrate-meta-layouts":"set","ast-page-background-enabled":"default","ast-page-background-meta":{"desktop":{"background-color":"var(--ast-global-color-4)","background-image":"","background-repeat":"repeat","background-position":"center center","background-size":"auto","background-attachment":"scroll","background-type":"","background-media":"","overlay-type":"","overlay-color":"","overlay-opacity":"","overlay-gradient":""},"tablet":{"background-color":"","background-image":"","background-repeat":"repeat","background-position":"center center","background-size":"auto","background-attachment":"scroll","background-type":"","background-media":"","overlay-type":"","overlay-color":"","overlay-opacity":"","overlay-gradient":""},"mobile":{"background-color":"","background-image":"","background-repeat":"repeat","background-position":"center center","background-size":"auto","background-attachment":"scroll","background-type":"","background-media":"","overlay-type":"","overlay-color":"","overlay-opacity":"","overlay-gradient":""}},"ast-content-background-meta":{"desktop":{"background-color":"var(--ast-global-color-5)","background-image":"","background-repeat":"repeat","background-position":"center center","background-size":"auto","background-attachment":"scroll","background-type":"","background-media":"","overlay-type":"","overlay-color":"","overlay-opacity":"","overlay-gradient":""},"tablet":{"background-color":"var(--ast-global-color-5)","background-image":"","background-repeat":"repeat","background-position":"center center","background-size":"auto","background-attachment":"scroll","background-type":"","background-media":"","overlay-type":"","overlay-color":"","overlay-opacity":"","overlay-gradient":""},"mobile":{"background-color":"var(--ast-global-color-5)","background-image":"","background-repeat":"repeat","background-position":"center center","background-size":"auto","background-attachment":"scroll","background-type":"","background-media":"","overlay-type":"","overlay-color":"","overlay-opacity":"","overlay-gradient":""}},"footnotes":""},"class_list":["post-16995","page","type-page","status-publish","hentry"],"yoast_head":"<!-- This site is optimized with the Yoast SEO plugin v27.4 - https:\/\/yoast.com\/product\/yoast-seo-wordpress\/ -->\n<title>Austria - Wobbly Ride<\/title>\n<meta name=\"robots\" content=\"index, follow, max-snippet:-1, max-image-preview:large, max-video-preview:-1\" \/>\n<link rel=\"canonical\" href=\"https:\/\/wobblyride.com\/pl\/cycle-touring-in-austria\/\" \/>\n<meta property=\"og:locale\" content=\"pl_PL\" \/>\n<meta property=\"og:type\" content=\"article\" \/>\n<meta property=\"og:title\" content=\"Austria - Wobbly Ride\" \/>\n<meta property=\"og:description\" content=\"Exploring Austria by bicycle is an amazing adventure for beginners and more sporty cyclists. The country&#8217;s diverse landscapes and well-maintained cycling paths make it a dream destination for bike touring. From the majestic Alps to the charming Danube Valley, each region offers its own unique experience. The Danube Cycling Path [&hellip;]\" \/>\n<meta property=\"og:url\" content=\"https:\/\/wobblyride.com\/pl\/cycle-touring-in-austria\/\" \/>\n<meta property=\"og:site_name\" content=\"Wobbly Ride\" \/>\n<meta property=\"article:modified_time\" content=\"2024-06-17T09:53:36+00:00\" \/>\n<meta name=\"twitter:card\" content=\"summary_large_image\" \/>\n<script type=\"application\/ld+json\" class=\"yoast-schema-graph\">{\"@context\":\"https:\\\/\\\/schema.org\",\"@graph\":[{\"@type\":\"WebPage\",\"@id\":\"https:\\\/\\\/wobblyride.com\\\/cycle-touring-in-austria\\\/\",\"url\":\"https:\\\/\\\/wobblyride.com\\\/cycle-touring-in-austria\\\/\",\"name\":\"Austria - Wobbly Ride\",\"isPartOf\":{\"@id\":\"https:\\\/\\\/wobblyride.com\\\/#website\"},\"datePublished\":\"2024-06-17T07:50:15+00:00\",\"dateModified\":\"2024-06-17T09:53:36+00:00\",\"breadcrumb\":{\"@id\":\"https:\\\/\\\/wobblyride.com\\\/cycle-touring-in-austria\\\/#breadcrumb\"},\"inLanguage\":\"pl-PL\",\"potentialAction\":[{\"@type\":\"ReadAction\",\"target\":[\"https:\\\/\\\/wobblyride.com\\\/cycle-touring-in-austria\\\/\"]}]},{\"@type\":\"BreadcrumbList\",\"@id\":\"https:\\\/\\\/wobblyride.com\\\/cycle-touring-in-austria\\\/#breadcrumb\",\"itemListElement\":[{\"@type\":\"ListItem\",\"position\":1,\"name\":\"Home\",\"item\":\"https:\\\/\\\/wobblyride.com\\\/\"},{\"@type\":\"ListItem\",\"position\":2,\"name\":\"Austria\"}]},{\"@type\":\"WebSite\",\"@id\":\"https:\\\/\\\/wobblyride.com\\\/#website\",\"url\":\"https:\\\/\\\/wobblyride.com\\\/\",\"name\":\"Wobbly Ride\",\"description\":\"Bicycle touring. Outdoor adventures. Solo female travel.\",\"publisher\":{\"@id\":\"https:\\\/\\\/wobblyride.com\\\/#\\\/schema\\\/person\\\/82abaa263f5532e2b83b361304793e90\"},\"potentialAction\":[{\"@type\":\"SearchAction\",\"target\":{\"@type\":\"EntryPoint\",\"urlTemplate\":\"https:\\\/\\\/wobblyride.com\\\/?s={search_term_string}\"},\"query-input\":{\"@type\":\"PropertyValueSpecification\",\"valueRequired\":true,\"valueName\":\"search_term_string\"}}],\"inLanguage\":\"pl-PL\"},{\"@type\":[\"Person\",\"Organization\"],\"@id\":\"https:\\\/\\\/wobblyride.com\\\/#\\\/schema\\\/person\\\/82abaa263f5532e2b83b361304793e90\",\"name\":\"chmaraa\",\"image\":{\"@type\":\"ImageObject\",\"inLanguage\":\"pl-PL\",\"@id\":\"https:\\\/\\\/wobblyride.com\\\/wp-content\\\/uploads\\\/2022\\\/02\\\/1_dsc05222-e1678819977912.jpg\",\"url\":\"https:\\\/\\\/wobblyride.com\\\/wp-content\\\/uploads\\\/2022\\\/02\\\/1_dsc05222-e1678819977912.jpg\",\"contentUrl\":\"https:\\\/\\\/wobblyride.com\\\/wp-content\\\/uploads\\\/2022\\\/02\\\/1_dsc05222-e1678819977912.jpg\",\"width\":449,\"height\":299,\"caption\":\"chmaraa\"},\"logo\":{\"@id\":\"https:\\\/\\\/wobblyride.com\\\/wp-content\\\/uploads\\\/2022\\\/02\\\/1_dsc05222-e1678819977912.jpg\"}}]}<\/script>\n<!-- \/ Yoast SEO plugin. -->","yoast_head_json":{"title":"Austria - Wobbly Ride","robots":{"index":"index","follow":"follow","max-snippet":"max-snippet:-1","max-image-preview":"max-image-preview:large","max-video-preview":"max-video-preview:-1"},"canonical":"https:\/\/wobblyride.com\/pl\/cycle-touring-in-austria\/","og_locale":"pl_PL","og_type":"article","og_title":"Austria - Wobbly Ride","og_description":"Exploring Austria by bicycle is an amazing adventure for beginners and more sporty cyclists. The country&#8217;s diverse landscapes and well-maintained cycling paths make it a dream destination for bike touring. From the majestic Alps to the charming Danube Valley, each region offers its own unique experience. The Danube Cycling Path [&hellip;]","og_url":"https:\/\/wobblyride.com\/pl\/cycle-touring-in-austria\/","og_site_name":"Wobbly Ride","article_modified_time":"2024-06-17T09:53:36+00:00","twitter_card":"summary_large_image","schema":{"@context":"https:\/\/schema.org","@graph":[{"@type":"WebPage","@id":"https:\/\/wobblyride.com\/cycle-touring-in-austria\/","url":"https:\/\/wobblyride.com\/cycle-touring-in-austria\/","name":"Austria - Wobbly Ride","isPartOf":{"@id":"https:\/\/wobblyride.com\/#website"},"datePublished":"2024-06-17T07:50:15+00:00","dateModified":"2024-06-17T09:53:36+00:00","breadcrumb":{"@id":"https:\/\/wobblyride.com\/cycle-touring-in-austria\/#breadcrumb"},"inLanguage":"pl-PL","potentialAction":[{"@type":"ReadAction","target":["https:\/\/wobblyride.com\/cycle-touring-in-austria\/"]}]},{"@type":"BreadcrumbList","@id":"https:\/\/wobblyride.com\/cycle-touring-in-austria\/#breadcrumb","itemListElement":[{"@type":"ListItem","position":1,"name":"Home","item":"https:\/\/wobblyride.com\/"},{"@type":"ListItem","position":2,"name":"Austria"}]},{"@type":"WebSite","@id":"https:\/\/wobblyride.com\/#website","url":"https:\/\/wobblyride.com\/","name":"Wobbly Ride","description":"Podr\u00f3\u017ce rowerowe. Solowe przygody. Kobiece wyjazdy.","publisher":{"@id":"https:\/\/wobblyride.com\/#\/schema\/person\/82abaa263f5532e2b83b361304793e90"},"potentialAction":[{"@type":"SearchAction","target":{"@type":"EntryPoint","urlTemplate":"https:\/\/wobblyride.com\/?s={search_term_string}"},"query-input":{"@type":"PropertyValueSpecification","valueRequired":true,"valueName":"search_term_string"}}],"inLanguage":"pl-PL"},{"@type":["Person","Organization"],"@id":"https:\/\/wobblyride.com\/#\/schema\/person\/82abaa263f5532e2b83b361304793e90","name":"chmaraa","image":{"@type":"ImageObject","inLanguage":"pl-PL","@id":"https:\/\/wobblyride.com\/wp-content\/uploads\/2022\/02\/1_dsc05222-e1678819977912.jpg","url":"https:\/\/wobblyride.com\/wp-content\/uploads\/2022\/02\/1_dsc05222-e1678819977912.jpg","contentUrl":"https:\/\/wobblyride.com\/wp-content\/uploads\/2022\/02\/1_dsc05222-e1678819977912.jpg","width":449,"height":299,"caption":"chmaraa"},"logo":{"@id":"https:\/\/wobblyride.com\/wp-content\/uploads\/2022\/02\/1_dsc05222-e1678819977912.jpg"}}]}},"uagb_featured_image_src":{"full":false,"thumbnail":false,"medium":false,"medium_large":false,"large":false,"1536x1536":false,"2048x2048":false,"trp-custom-language-flag":false},"uagb_author_info":{"display_name":"admin","author_link":"https:\/\/wobblyride.com\/pl\/author\/admin\/"},"uagb_comment_info":0,"uagb_excerpt":"Exploring Austria by bicycle is an amazing adventure for beginners and more sporty cyclists. The country&#8217;s diverse landscapes and well-maintained cycling paths make it a dream destination for bike touring. From the majestic Alps to the charming Danube Valley, each region offers its own unique experience. The Danube Cycling Path [&hellip;]","_links":{"self":[{"href":"https:\/\/wobblyride.com\/pl\/wp-json\/wp\/v2\/pages\/16995","targetHints":{"allow":["GET"]}}],"collection":[{"href":"https:\/\/wobblyride.com\/pl\/wp-json\/wp\/v2\/pages"}],"about":[{"href":"https:\/\/wobblyride.com\/pl\/wp-json\/wp\/v2\/types\/page"}],"author":[{"embeddable":true,"href":"https:\/\/wobblyride.com\/pl\/wp-json\/wp\/v2\/users\/1"}],"replies":[{"embeddable":true,"href":"https:\/\/wobblyride.com\/pl\/wp-json\/wp\/v2\/comments?post=16995"}],"version-history":[{"count":0,"href":"https:\/\/wobblyride.com\/pl\/wp-json\/wp\/v2\/pages\/16995\/revisions"}],"wp:attachment":[{"href":"https:\/\/wobblyride.com\/pl\/wp-json\/wp\/v2\/media?parent=16995"}],"curies":[{"name":"wp","href":"https:\/\/api.w.org\/{rel}","templated":true}]}}